{"id":8920,"date":"2025-01-31T08:49:33","date_gmt":"2025-01-31T08:49:33","guid":{"rendered":"https:\/\/promostoneindustry.ma\/?page_id=8920"},"modified":"2026-03-28T15:07:22","modified_gmt":"2026-03-28T15:07:22","slug":"flame","status":"publish","type":"page","link":"https:\/\/promostoneindustry.ma\/en\/flame\/","title":{"rendered":"Flamed"},"content":{"rendered":"\t\t<div data-elementor-type=\"wp-page\" data-elementor-id=\"8920\" class=\"elementor elementor-8920\">\n\t\t\t\t\t\t<section class=\"elementor-section elementor-top-section elementor-element elementor-element-8288cfc elementor-section-boxed elementor-section-height-default elementor-section-height-default elementor-invisible\" data-id=\"8288cfc\" data-element_type=\"section\" data-e-type=\"section\" data-settings=\"{&quot;animation&quot;:&quot;fadeInDown&quot;,&quot;background_background&quot;:&quot;classic&quot;}\">\n\t\t\t\t\t\t<div class=\"elementor-container elementor-column-gap-default\">\n\t\t\t\t\t<div class=\"elementor-column elementor-col-100 elementor-top-column elementor-element elementor-element-44a80f8 ot-flex-column-vertical\" data-id=\"44a80f8\" data-element_type=\"column\" data-e-type=\"column\">\n\t\t\t<div class=\"elementor-widget-wrap elementor-element-populated\">\n\t\t\t\t\t\t<div class=\"elementor-element elementor-element-b58ce2e theratio-align-center elementor-widget elementor-widget-iheading\" data-id=\"b58ce2e\" data-element_type=\"widget\" data-e-type=\"widget\" data-widget_type=\"iheading.default\">\n\t\t\t\t<div class=\"elementor-widget-container\">\n\t\t\t\t\t\t\t<div class=\"ot-heading is-dots\">\r\n\t        <span>[ Flamm\u00e9 ]<\/span>\t        <h2 class=\"main-heading\">Finition de surface <\/h2>\t    <\/div>\r\n\t    \t\t\t\t<\/div>\n\t\t\t\t<\/div>\n\t\t\t\t<div class=\"elementor-element elementor-element-c21fbc6 elementor-widget elementor-widget-ipfilter\" data-id=\"c21fbc6\" data-element_type=\"widget\" data-e-type=\"widget\" data-widget_type=\"ipfilter.default\">\n\t\t\t\t<div class=\"elementor-widget-container\">\n\t\t\t\t\t\r\n\t\t<div class=\"project-filter-wrapper\">\r\n\t\t\t\t        \t<div class=\"container\">\r\n\t        \t\t<ul class=\"project_filters\">\r\n\t        \t\t\t\t        \t\t\t \t<li><a href=\"#\" data-filter=\"*\" class=\"selected btn-details\">All<span class=\"filter-count\"><\/span><\/a><\/li>\r\n\t        \t\t\t\t\t                \t\t                \t<li>\r\n\t\t\t\t\t\t\t\t<a class=\"btn-details\" href='#' data-filter='.category-70'>Flamm\u00e9<span class=\"filter-count\"><\/span><\/a>\r\n\t\t\t\t\t\t\t<\/li>\t                   \r\n\t\t                \t\t\t\t\t<\/ul>\r\n\t\t\t\t<\/div>\r\n\t        \t\t\t\t        <div class=\"projects-grid pf_4_cols style-3 img-scale w-auto\" data-load=\"4\" data-count=\"5\">\r\n\t\t\t<div class=\"grid-sizer\"><\/div>\r\n\t            \r\n<div class=\"project-item category-70 \">\r\n\t<div class=\"projects-box\">\r\n\t\t<div class=\"projects-thumbnail\" data-src=\"https:\/\/promostoneindustry.ma\/wp-content\/uploads\/2025\/01\/Gris-Espagnol-Flamme.jpg\" data-sub-html=\"Gris Espagnol Flamm\u00e9\">\r\n\t\t\t<a href=\"https:\/\/promostoneindustry.ma\/en\/portfolio\/gris-espagnol-flamme\/\">\r\n\t\t\t\t<img fetchpriority=\"high\" decoding=\"async\" width=\"720\" height=\"720\" src=\"https:\/\/promostoneindustry.ma\/wp-content\/uploads\/2025\/01\/Gris-Espagnol-Flamme-720x720.jpg\" class=\"attachment-theratio-portfolio-thumbnail-grid size-theratio-portfolio-thumbnail-grid wp-post-image\" alt=\"Marbre Gris Espagnol Flamm\u00e9\" srcset=\"https:\/\/promostoneindustry.ma\/wp-content\/uploads\/2025\/01\/Gris-Espagnol-Flamme-720x720.jpg 720w, https:\/\/promostoneindustry.ma\/wp-content\/uploads\/2025\/01\/Gris-Espagnol-Flamme-150x150.jpg 150w, https:\/\/promostoneindustry.ma\/wp-content\/uploads\/2025\/01\/Gris-Espagnol-Flamme-100x100.jpg 100w\" sizes=\"(max-width: 720px) 100vw, 720px\" \/>\t\t\t<\/a>\r\n\t\t\t\r\n\t\t\t<span class=\"overlay\">\r\n\t\t\t\t<h5>Gris Espagnol Flamm\u00e9<\/h5>\r\n\t\t\t\t<i class=\"ot-flaticon-add\"><\/i>\r\n\t\t\t<\/span>\r\n\t\t<\/div>\r\n\t\t<div class=\"portfolio-info\">\r\n\t\t\t<div class=\"portfolio-info-inner\">\r\n\t\t\t\t<h5><a class=\"title-link\" href=\"https:\/\/promostoneindustry.ma\/en\/portfolio\/gris-espagnol-flamme\/\" data-src=\"https:\/\/promostoneindustry.ma\/wp-content\/uploads\/2025\/01\/Gris-Espagnol-Flamme.jpg\" data-sub-html=\"Gris Espagnol Flamm\u00e9\">Gris Espagnol Flamm\u00e9<\/a><\/h5>\r\n\t\t\t\t<p class=\"portfolio-cates\"><a href=\"https:\/\/promostoneindustry.ma\/en\/portfolio-category\/flamme\/\">Flamm\u00e9<\/a><\/p> \r\n\t\t\t<\/div>\r\n\t\t\t<a class=\"overlay\" href=\"https:\/\/promostoneindustry.ma\/en\/portfolio\/gris-espagnol-flamme\/\"><\/a>\r\n\t\t<\/div>\r\n\t<\/div>\r\n<\/div>\r\n<div class=\"project-item category-70 \">\r\n\t<div class=\"projects-box\">\r\n\t\t<div class=\"projects-thumbnail\" data-src=\"https:\/\/promostoneindustry.ma\/wp-content\/uploads\/2025\/01\/Crema-Julia-Flamme-1.jpg\" data-sub-html=\"Crema Julia Flamm\u00e9\">\r\n\t\t\t<a href=\"https:\/\/promostoneindustry.ma\/en\/portfolio\/crema-julia-flamme\/\">\r\n\t\t\t\t<img decoding=\"async\" width=\"720\" height=\"720\" src=\"https:\/\/promostoneindustry.ma\/wp-content\/uploads\/2025\/01\/Crema-Julia-Flamme-1-720x720.jpg\" class=\"attachment-theratio-portfolio-thumbnail-grid size-theratio-portfolio-thumbnail-grid wp-post-image\" alt=\"Marbre crema julia flamm\u00e9\" srcset=\"https:\/\/promostoneindustry.ma\/wp-content\/uploads\/2025\/01\/Crema-Julia-Flamme-1-720x720.jpg 720w, https:\/\/promostoneindustry.ma\/wp-content\/uploads\/2025\/01\/Crema-Julia-Flamme-1-150x150.jpg 150w, https:\/\/promostoneindustry.ma\/wp-content\/uploads\/2025\/01\/Crema-Julia-Flamme-1-100x100.jpg 100w\" sizes=\"(max-width: 720px) 100vw, 720px\" \/>\t\t\t<\/a>\r\n\t\t\t\r\n\t\t\t<span class=\"overlay\">\r\n\t\t\t\t<h5>Crema Julia Flamm\u00e9<\/h5>\r\n\t\t\t\t<i class=\"ot-flaticon-add\"><\/i>\r\n\t\t\t<\/span>\r\n\t\t<\/div>\r\n\t\t<div class=\"portfolio-info\">\r\n\t\t\t<div class=\"portfolio-info-inner\">\r\n\t\t\t\t<h5><a class=\"title-link\" href=\"https:\/\/promostoneindustry.ma\/en\/portfolio\/crema-julia-flamme\/\" data-src=\"https:\/\/promostoneindustry.ma\/wp-content\/uploads\/2025\/01\/Crema-Julia-Flamme-1.jpg\" data-sub-html=\"Crema Julia Flamm\u00e9\">Crema Julia Flamm\u00e9<\/a><\/h5>\r\n\t\t\t\t<p class=\"portfolio-cates\"><a href=\"https:\/\/promostoneindustry.ma\/en\/portfolio-category\/flamme\/\">Flamm\u00e9<\/a><\/p> \r\n\t\t\t<\/div>\r\n\t\t\t<a class=\"overlay\" href=\"https:\/\/promostoneindustry.ma\/en\/portfolio\/crema-julia-flamme\/\"><\/a>\r\n\t\t<\/div>\r\n\t<\/div>\r\n<\/div>\r\n<div class=\"project-item category-70 \">\r\n\t<div class=\"projects-box\">\r\n\t\t<div class=\"projects-thumbnail\" data-src=\"https:\/\/promostoneindustry.ma\/wp-content\/uploads\/2025\/01\/Labrador-Gold-Flamme-1.jpg\" data-sub-html=\"Labrador Gold Flamm\u00e9\">\r\n\t\t\t<a href=\"https:\/\/promostoneindustry.ma\/en\/portfolio\/labrador-gold-flamme\/\">\r\n\t\t\t\t<img decoding=\"async\" width=\"720\" height=\"720\" src=\"https:\/\/promostoneindustry.ma\/wp-content\/uploads\/2025\/01\/Labrador-Gold-Flamme-1-720x720.jpg\" class=\"attachment-theratio-portfolio-thumbnail-grid size-theratio-portfolio-thumbnail-grid wp-post-image\" alt=\"labrador golden\u200b Flamm\u00e9 Marbre Maroc\" srcset=\"https:\/\/promostoneindustry.ma\/wp-content\/uploads\/2025\/01\/Labrador-Gold-Flamme-1-720x720.jpg 720w, https:\/\/promostoneindustry.ma\/wp-content\/uploads\/2025\/01\/Labrador-Gold-Flamme-1-150x150.jpg 150w, https:\/\/promostoneindustry.ma\/wp-content\/uploads\/2025\/01\/Labrador-Gold-Flamme-1-100x100.jpg 100w\" sizes=\"(max-width: 720px) 100vw, 720px\" \/>\t\t\t<\/a>\r\n\t\t\t\r\n\t\t\t<span class=\"overlay\">\r\n\t\t\t\t<h5>Labrador Gold Flamm\u00e9<\/h5>\r\n\t\t\t\t<i class=\"ot-flaticon-add\"><\/i>\r\n\t\t\t<\/span>\r\n\t\t<\/div>\r\n\t\t<div class=\"portfolio-info\">\r\n\t\t\t<div class=\"portfolio-info-inner\">\r\n\t\t\t\t<h5><a class=\"title-link\" href=\"https:\/\/promostoneindustry.ma\/en\/portfolio\/labrador-gold-flamme\/\" data-src=\"https:\/\/promostoneindustry.ma\/wp-content\/uploads\/2025\/01\/Labrador-Gold-Flamme-1.jpg\" data-sub-html=\"Labrador Gold Flamm\u00e9\">Labrador Gold Flamm\u00e9<\/a><\/h5>\r\n\t\t\t\t<p class=\"portfolio-cates\"><a href=\"https:\/\/promostoneindustry.ma\/en\/portfolio-category\/flamme\/\">Flamm\u00e9<\/a><\/p> \r\n\t\t\t<\/div>\r\n\t\t\t<a class=\"overlay\" href=\"https:\/\/promostoneindustry.ma\/en\/portfolio\/labrador-gold-flamme\/\"><\/a>\r\n\t\t<\/div>\r\n\t<\/div>\r\n<\/div>\r\n<div class=\"project-item category-70 \">\r\n\t<div class=\"projects-box\">\r\n\t\t<div class=\"projects-thumbnail\" data-src=\"https:\/\/promostoneindustry.ma\/wp-content\/uploads\/2025\/01\/grand-tache-falmme.jpg\" data-sub-html=\"Grand Tache Flamm\u00e9\">\r\n\t\t\t<a href=\"https:\/\/promostoneindustry.ma\/en\/portfolio\/grand-tache-flamme\/\">\r\n\t\t\t\t<img loading=\"lazy\" decoding=\"async\" width=\"720\" height=\"720\" src=\"https:\/\/promostoneindustry.ma\/wp-content\/uploads\/2025\/01\/grand-tache-falmme-720x720.jpg\" class=\"attachment-theratio-portfolio-thumbnail-grid size-theratio-portfolio-thumbnail-grid wp-post-image\" alt=\"Marbre maroc grand tache falmm\u00e9\" srcset=\"https:\/\/promostoneindustry.ma\/wp-content\/uploads\/2025\/01\/grand-tache-falmme-720x720.jpg 720w, https:\/\/promostoneindustry.ma\/wp-content\/uploads\/2025\/01\/grand-tache-falmme-150x150.jpg 150w, https:\/\/promostoneindustry.ma\/wp-content\/uploads\/2025\/01\/grand-tache-falmme-100x100.jpg 100w\" sizes=\"(max-width: 720px) 100vw, 720px\" \/>\t\t\t<\/a>\r\n\t\t\t\r\n\t\t\t<span class=\"overlay\">\r\n\t\t\t\t<h5>Grand Tache Flamm\u00e9<\/h5>\r\n\t\t\t\t<i class=\"ot-flaticon-add\"><\/i>\r\n\t\t\t<\/span>\r\n\t\t<\/div>\r\n\t\t<div class=\"portfolio-info\">\r\n\t\t\t<div class=\"portfolio-info-inner\">\r\n\t\t\t\t<h5><a class=\"title-link\" href=\"https:\/\/promostoneindustry.ma\/en\/portfolio\/grand-tache-flamme\/\" data-src=\"https:\/\/promostoneindustry.ma\/wp-content\/uploads\/2025\/01\/grand-tache-falmme.jpg\" data-sub-html=\"Grand Tache Flamm\u00e9\">Grand Tache Flamm\u00e9<\/a><\/h5>\r\n\t\t\t\t<p class=\"portfolio-cates\"><a href=\"https:\/\/promostoneindustry.ma\/en\/portfolio-category\/flamme\/\">Flamm\u00e9<\/a><\/p> \r\n\t\t\t<\/div>\r\n\t\t\t<a class=\"overlay\" href=\"https:\/\/promostoneindustry.ma\/en\/portfolio\/grand-tache-flamme\/\"><\/a>\r\n\t\t<\/div>\r\n\t<\/div>\r\n<\/div>\r\n<div class=\"project-item category-70 \">\r\n\t<div class=\"projects-box\">\r\n\t\t<div class=\"projects-thumbnail\" data-src=\"https:\/\/promostoneindustry.ma\/wp-content\/uploads\/2025\/01\/ROSAVILLE-FLAME.jpg\" data-sub-html=\"Rosaville Flamm\u00e9\">\r\n\t\t\t<a href=\"https:\/\/promostoneindustry.ma\/en\/portfolio\/rosaville-flamme\/\">\r\n\t\t\t\t<img loading=\"lazy\" decoding=\"async\" width=\"720\" height=\"720\" src=\"https:\/\/promostoneindustry.ma\/wp-content\/uploads\/2025\/01\/ROSAVILLE-FLAME-720x720.jpg\" class=\"attachment-theratio-portfolio-thumbnail-grid size-theratio-portfolio-thumbnail-grid wp-post-image\" alt=\"Marbre maroc rosaville flam\u00e9\" srcset=\"https:\/\/promostoneindustry.ma\/wp-content\/uploads\/2025\/01\/ROSAVILLE-FLAME-720x720.jpg 720w, https:\/\/promostoneindustry.ma\/wp-content\/uploads\/2025\/01\/ROSAVILLE-FLAME-150x150.jpg 150w, https:\/\/promostoneindustry.ma\/wp-content\/uploads\/2025\/01\/ROSAVILLE-FLAME-100x100.jpg 100w\" sizes=\"(max-width: 720px) 100vw, 720px\" \/>\t\t\t<\/a>\r\n\t\t\t\r\n\t\t\t<span class=\"overlay\">\r\n\t\t\t\t<h5>Rosaville Flamm\u00e9<\/h5>\r\n\t\t\t\t<i class=\"ot-flaticon-add\"><\/i>\r\n\t\t\t<\/span>\r\n\t\t<\/div>\r\n\t\t<div class=\"portfolio-info\">\r\n\t\t\t<div class=\"portfolio-info-inner\">\r\n\t\t\t\t<h5><a class=\"title-link\" href=\"https:\/\/promostoneindustry.ma\/en\/portfolio\/rosaville-flamme\/\" data-src=\"https:\/\/promostoneindustry.ma\/wp-content\/uploads\/2025\/01\/ROSAVILLE-FLAME.jpg\" data-sub-html=\"Rosaville Flamm\u00e9\">Rosaville Flamm\u00e9<\/a><\/h5>\r\n\t\t\t\t<p class=\"portfolio-cates\"><a href=\"https:\/\/promostoneindustry.ma\/en\/portfolio-category\/flamme\/\">Flamm\u00e9<\/a><\/p> \r\n\t\t\t<\/div>\r\n\t\t\t<a class=\"overlay\" href=\"https:\/\/promostoneindustry.ma\/en\/portfolio\/rosaville-flamme\/\"><\/a>\r\n\t\t<\/div>\r\n\t<\/div>\r\n<\/div>\t\t\t<\/div>\r\n\r\n\t\t\t\t    <\/div>\r\n\t\t\t\t\t\t\t\t\t\t\r\n\t    \t\t\t\t<\/div>\n\t\t\t\t<\/div>\n\t\t\t\t\t<\/div>\n\t\t<\/div>\n\t\t\t\t\t<\/div>\n\t\t<\/section>\n\t\t\t\t<\/div>\n\t\t","protected":false},"excerpt":{"rendered":"<p>[ Flamm\u00e9 ] Finition de surface All Flamm\u00e9 Labrador Gold Flamm\u00e9 Labrador Gold Flamm\u00e9 Flamm\u00e9 Grand Tache Flamm\u00e9 Grand Tache Flamm\u00e9 Flamm\u00e9 Rosaville Flamm\u00e9 Rosaville Flamm\u00e9 Flamm\u00e9<\/p>\n","protected":false},"author":1,"featured_media":0,"parent":0,"menu_order":0,"comment_status":"closed","ping_status":"closed","template":"","meta":{"om_disable_all_campaigns":false,"_monsterinsights_skip_tracking":false,"_monsterinsights_sitenote_active":false,"_monsterinsights_sitenote_note":"","_monsterinsights_sitenote_category":0,"footnotes":""},"class_list":["post-8920","page","type-page","status-publish","hentry"],"aioseo_notices":[],"jetpack_sharing_enabled":true,"_links":{"self":[{"href":"https:\/\/promostoneindustry.ma\/en\/wp-json\/wp\/v2\/pages\/8920","targetHints":{"allow":["GET"]}}],"collection":[{"href":"https:\/\/promostoneindustry.ma\/en\/wp-json\/wp\/v2\/pages"}],"about":[{"href":"https:\/\/promostoneindustry.ma\/en\/wp-json\/wp\/v2\/types\/page"}],"author":[{"embeddable":true,"href":"https:\/\/promostoneindustry.ma\/en\/wp-json\/wp\/v2\/users\/1"}],"replies":[{"embeddable":true,"href":"https:\/\/promostoneindustry.ma\/en\/wp-json\/wp\/v2\/comments?post=8920"}],"version-history":[{"count":8,"href":"https:\/\/promostoneindustry.ma\/en\/wp-json\/wp\/v2\/pages\/8920\/revisions"}],"predecessor-version":[{"id":8962,"href":"https:\/\/promostoneindustry.ma\/en\/wp-json\/wp\/v2\/pages\/8920\/revisions\/8962"}],"wp:attachment":[{"href":"https:\/\/promostoneindustry.ma\/en\/wp-json\/wp\/v2\/media?parent=8920"}],"curies":[{"name":"wp","href":"https:\/\/api.w.org\/{rel}","templated":true}]}}