{"id":7116,"date":"2024-12-11T09:42:58","date_gmt":"2024-12-11T09:42:58","guid":{"rendered":"https:\/\/promostoneindustry.ma\/?page_id=7116"},"modified":"2026-03-28T15:04:24","modified_gmt":"2026-03-28T15:04:24","slug":"boucharde","status":"publish","type":"page","link":"https:\/\/promostoneindustry.ma\/en\/boucharde\/","title":{"rendered":"Bush-Hammered"},"content":{"rendered":"\t\t<div data-elementor-type=\"wp-page\" data-elementor-id=\"7116\" class=\"elementor elementor-7116\">\n\t\t\t\t\t\t<section class=\"elementor-section elementor-top-section elementor-element elementor-element-8288cfc elementor-section-boxed elementor-section-height-default elementor-section-height-default elementor-invisible\" data-id=\"8288cfc\" data-element_type=\"section\" data-e-type=\"section\" data-settings=\"{&quot;animation&quot;:&quot;fadeInDown&quot;,&quot;background_background&quot;:&quot;classic&quot;}\">\n\t\t\t\t\t\t<div class=\"elementor-container elementor-column-gap-default\">\n\t\t\t\t\t<div class=\"elementor-column elementor-col-100 elementor-top-column elementor-element elementor-element-44a80f8 ot-flex-column-vertical\" data-id=\"44a80f8\" data-element_type=\"column\" data-e-type=\"column\">\n\t\t\t<div class=\"elementor-widget-wrap elementor-element-populated\">\n\t\t\t\t\t\t<div class=\"elementor-element elementor-element-b58ce2e theratio-align-center elementor-widget elementor-widget-iheading\" data-id=\"b58ce2e\" data-element_type=\"widget\" data-e-type=\"widget\" data-widget_type=\"iheading.default\">\n\t\t\t\t<div class=\"elementor-widget-container\">\n\t\t\t\t\t\t\t<div class=\"ot-heading is-dots\">\r\n\t        <span>[ Bouchard\u00e9 ]<\/span>\t        <h2 class=\"main-heading\">Finition de surface <\/h2>\t    <\/div>\r\n\t    \t\t\t\t<\/div>\n\t\t\t\t<\/div>\n\t\t\t\t<div class=\"elementor-element elementor-element-c21fbc6 elementor-widget elementor-widget-ipfilter\" data-id=\"c21fbc6\" data-element_type=\"widget\" data-e-type=\"widget\" data-widget_type=\"ipfilter.default\">\n\t\t\t\t<div class=\"elementor-widget-container\">\n\t\t\t\t\t\r\n\t\t<div class=\"project-filter-wrapper\">\r\n\t\t\t\t        \t<div class=\"container\">\r\n\t        \t\t<ul class=\"project_filters\">\r\n\t        \t\t\t\t        \t\t\t \t<li><a href=\"#\" data-filter=\"*\" class=\"selected btn-details\">All<span class=\"filter-count\"><\/span><\/a><\/li>\r\n\t        \t\t\t\t\t                \t\t                \t<li>\r\n\t\t\t\t\t\t\t\t<a class=\"btn-details\" href='#' data-filter='.category-64'>Bouchard\u00e9<span class=\"filter-count\"><\/span><\/a>\r\n\t\t\t\t\t\t\t<\/li>\t                   \r\n\t\t                \t\t\t\t\t<\/ul>\r\n\t\t\t\t<\/div>\r\n\t        \t\t\t\t        <div class=\"projects-grid pf_4_cols style-3 img-scale w-auto\" data-load=\"4\" data-count=\"18\">\r\n\t\t\t<div class=\"grid-sizer\"><\/div>\r\n\t            \r\n<div class=\"project-item category-64 \">\r\n\t<div class=\"projects-box\">\r\n\t\t<div class=\"projects-thumbnail\" data-src=\"https:\/\/promostoneindustry.ma\/wp-content\/uploads\/2025\/01\/Blanc-Zayane-Boucharde.jpg\" data-sub-html=\"Blanc Zayane Bouchard\u00e9\">\r\n\t\t\t<a href=\"https:\/\/promostoneindustry.ma\/en\/portfolio\/blanc-zayane-boucharde\/\">\r\n\t\t\t\t<img fetchpriority=\"high\" decoding=\"async\" width=\"720\" height=\"720\" src=\"https:\/\/promostoneindustry.ma\/wp-content\/uploads\/2025\/01\/Blanc-Zayane-Boucharde-720x720.jpg\" class=\"attachment-theratio-portfolio-thumbnail-grid size-theratio-portfolio-thumbnail-grid wp-post-image\" alt=\"Marbre Blanc Zayane Bouchard\u00e9\" srcset=\"https:\/\/promostoneindustry.ma\/wp-content\/uploads\/2025\/01\/Blanc-Zayane-Boucharde-720x720.jpg 720w, https:\/\/promostoneindustry.ma\/wp-content\/uploads\/2025\/01\/Blanc-Zayane-Boucharde-150x150.jpg 150w, https:\/\/promostoneindustry.ma\/wp-content\/uploads\/2025\/01\/Blanc-Zayane-Boucharde-100x100.jpg 100w\" sizes=\"(max-width: 720px) 100vw, 720px\" \/>\t\t\t<\/a>\r\n\t\t\t\r\n\t\t\t<span class=\"overlay\">\r\n\t\t\t\t<h5>Blanc Zayane Bouchard\u00e9<\/h5>\r\n\t\t\t\t<i class=\"ot-flaticon-add\"><\/i>\r\n\t\t\t<\/span>\r\n\t\t<\/div>\r\n\t\t<div class=\"portfolio-info\">\r\n\t\t\t<div class=\"portfolio-info-inner\">\r\n\t\t\t\t<h5><a class=\"title-link\" href=\"https:\/\/promostoneindustry.ma\/en\/portfolio\/blanc-zayane-boucharde\/\" data-src=\"https:\/\/promostoneindustry.ma\/wp-content\/uploads\/2025\/01\/Blanc-Zayane-Boucharde.jpg\" data-sub-html=\"Blanc Zayane Bouchard\u00e9\">Blanc Zayane Bouchard\u00e9<\/a><\/h5>\r\n\t\t\t\t<p class=\"portfolio-cates\"><a href=\"https:\/\/promostoneindustry.ma\/en\/portfolio-category\/boucharde\/\">Bouchard\u00e9<\/a><\/p> \r\n\t\t\t<\/div>\r\n\t\t\t<a class=\"overlay\" href=\"https:\/\/promostoneindustry.ma\/en\/portfolio\/blanc-zayane-boucharde\/\"><\/a>\r\n\t\t<\/div>\r\n\t<\/div>\r\n<\/div>\r\n<div class=\"project-item category-64 \">\r\n\t<div class=\"projects-box\">\r\n\t\t<div class=\"projects-thumbnail\" data-src=\"https:\/\/promostoneindustry.ma\/wp-content\/uploads\/2025\/02\/Crema-Marfile-Boucharde.jpg\" data-sub-html=\"Crema Marfile Bouchard\u00e9\">\r\n\t\t\t<a href=\"https:\/\/promostoneindustry.ma\/en\/portfolio\/crema-marfile-boucharde\/\">\r\n\t\t\t\t<img decoding=\"async\" width=\"720\" height=\"720\" src=\"https:\/\/promostoneindustry.ma\/wp-content\/uploads\/2025\/02\/Crema-Marfile-Boucharde-720x720.jpg\" class=\"attachment-theratio-portfolio-thumbnail-grid size-theratio-portfolio-thumbnail-grid wp-post-image\" alt=\"Marbre crema marfil\u200b Bouchard\u00e9\" srcset=\"https:\/\/promostoneindustry.ma\/wp-content\/uploads\/2025\/02\/Crema-Marfile-Boucharde-720x720.jpg 720w, https:\/\/promostoneindustry.ma\/wp-content\/uploads\/2025\/02\/Crema-Marfile-Boucharde-150x150.jpg 150w, https:\/\/promostoneindustry.ma\/wp-content\/uploads\/2025\/02\/Crema-Marfile-Boucharde-100x100.jpg 100w\" sizes=\"(max-width: 720px) 100vw, 720px\" \/>\t\t\t<\/a>\r\n\t\t\t\r\n\t\t\t<span class=\"overlay\">\r\n\t\t\t\t<h5>Crema Marfile Bouchard\u00e9<\/h5>\r\n\t\t\t\t<i class=\"ot-flaticon-add\"><\/i>\r\n\t\t\t<\/span>\r\n\t\t<\/div>\r\n\t\t<div class=\"portfolio-info\">\r\n\t\t\t<div class=\"portfolio-info-inner\">\r\n\t\t\t\t<h5><a class=\"title-link\" href=\"https:\/\/promostoneindustry.ma\/en\/portfolio\/crema-marfile-boucharde\/\" data-src=\"https:\/\/promostoneindustry.ma\/wp-content\/uploads\/2025\/02\/Crema-Marfile-Boucharde.jpg\" data-sub-html=\"Crema Marfile Bouchard\u00e9\">Crema Marfile Bouchard\u00e9<\/a><\/h5>\r\n\t\t\t\t<p class=\"portfolio-cates\"><a href=\"https:\/\/promostoneindustry.ma\/en\/portfolio-category\/boucharde\/\">Bouchard\u00e9<\/a><\/p> \r\n\t\t\t<\/div>\r\n\t\t\t<a class=\"overlay\" href=\"https:\/\/promostoneindustry.ma\/en\/portfolio\/crema-marfile-boucharde\/\"><\/a>\r\n\t\t<\/div>\r\n\t<\/div>\r\n<\/div>\r\n<div class=\"project-item category-64 \">\r\n\t<div class=\"projects-box\">\r\n\t\t<div class=\"projects-thumbnail\" data-src=\"https:\/\/promostoneindustry.ma\/wp-content\/uploads\/2025\/01\/Gris-Benslimane-Boucharde.jpg\" data-sub-html=\"Gris Benslimane Bouchard\u00e9\">\r\n\t\t\t<a href=\"https:\/\/promostoneindustry.ma\/en\/portfolio\/gris-benslimane-boucharde\/\">\r\n\t\t\t\t<img decoding=\"async\" width=\"720\" height=\"720\" src=\"https:\/\/promostoneindustry.ma\/wp-content\/uploads\/2025\/01\/Gris-Benslimane-Boucharde-720x720.jpg\" class=\"attachment-theratio-portfolio-thumbnail-grid size-theratio-portfolio-thumbnail-grid wp-post-image\" alt=\"marbre gris\u200b benslimane bouchard\u00e9\" srcset=\"https:\/\/promostoneindustry.ma\/wp-content\/uploads\/2025\/01\/Gris-Benslimane-Boucharde-720x720.jpg 720w, https:\/\/promostoneindustry.ma\/wp-content\/uploads\/2025\/01\/Gris-Benslimane-Boucharde-150x150.jpg 150w, https:\/\/promostoneindustry.ma\/wp-content\/uploads\/2025\/01\/Gris-Benslimane-Boucharde-100x100.jpg 100w\" sizes=\"(max-width: 720px) 100vw, 720px\" \/>\t\t\t<\/a>\r\n\t\t\t\r\n\t\t\t<span class=\"overlay\">\r\n\t\t\t\t<h5>Gris Benslimane Bouchard\u00e9<\/h5>\r\n\t\t\t\t<i class=\"ot-flaticon-add\"><\/i>\r\n\t\t\t<\/span>\r\n\t\t<\/div>\r\n\t\t<div class=\"portfolio-info\">\r\n\t\t\t<div class=\"portfolio-info-inner\">\r\n\t\t\t\t<h5><a class=\"title-link\" href=\"https:\/\/promostoneindustry.ma\/en\/portfolio\/gris-benslimane-boucharde\/\" data-src=\"https:\/\/promostoneindustry.ma\/wp-content\/uploads\/2025\/01\/Gris-Benslimane-Boucharde.jpg\" data-sub-html=\"Gris Benslimane Bouchard\u00e9\">Gris Benslimane Bouchard\u00e9<\/a><\/h5>\r\n\t\t\t\t<p class=\"portfolio-cates\"><a href=\"https:\/\/promostoneindustry.ma\/en\/portfolio-category\/boucharde\/\">Bouchard\u00e9<\/a><\/p> \r\n\t\t\t<\/div>\r\n\t\t\t<a class=\"overlay\" href=\"https:\/\/promostoneindustry.ma\/en\/portfolio\/gris-benslimane-boucharde\/\"><\/a>\r\n\t\t<\/div>\r\n\t<\/div>\r\n<\/div>\r\n<div class=\"project-item category-64 \">\r\n\t<div class=\"projects-box\">\r\n\t\t<div class=\"projects-thumbnail\" data-src=\"https:\/\/promostoneindustry.ma\/wp-content\/uploads\/2025\/01\/Crema-Galala-Boucharde.jpg\" data-sub-html=\"Crema Galala Bouchard\u00e9\">\r\n\t\t\t<a href=\"https:\/\/promostoneindustry.ma\/en\/portfolio\/crema-galala-boucharde\/\">\r\n\t\t\t\t<img loading=\"lazy\" decoding=\"async\" width=\"720\" height=\"720\" src=\"https:\/\/promostoneindustry.ma\/wp-content\/uploads\/2025\/01\/Crema-Galala-Boucharde-720x720.jpg\" class=\"attachment-theratio-portfolio-thumbnail-grid size-theratio-portfolio-thumbnail-grid wp-post-image\" alt=\"Marbre Crema Galala Bouchard\u00e9\" srcset=\"https:\/\/promostoneindustry.ma\/wp-content\/uploads\/2025\/01\/Crema-Galala-Boucharde-720x720.jpg 720w, https:\/\/promostoneindustry.ma\/wp-content\/uploads\/2025\/01\/Crema-Galala-Boucharde-150x150.jpg 150w, https:\/\/promostoneindustry.ma\/wp-content\/uploads\/2025\/01\/Crema-Galala-Boucharde-100x100.jpg 100w\" sizes=\"(max-width: 720px) 100vw, 720px\" \/>\t\t\t<\/a>\r\n\t\t\t\r\n\t\t\t<span class=\"overlay\">\r\n\t\t\t\t<h5>Crema Galala Bouchard\u00e9<\/h5>\r\n\t\t\t\t<i class=\"ot-flaticon-add\"><\/i>\r\n\t\t\t<\/span>\r\n\t\t<\/div>\r\n\t\t<div class=\"portfolio-info\">\r\n\t\t\t<div class=\"portfolio-info-inner\">\r\n\t\t\t\t<h5><a class=\"title-link\" href=\"https:\/\/promostoneindustry.ma\/en\/portfolio\/crema-galala-boucharde\/\" data-src=\"https:\/\/promostoneindustry.ma\/wp-content\/uploads\/2025\/01\/Crema-Galala-Boucharde.jpg\" data-sub-html=\"Crema Galala Bouchard\u00e9\">Crema Galala Bouchard\u00e9<\/a><\/h5>\r\n\t\t\t\t<p class=\"portfolio-cates\"><a href=\"https:\/\/promostoneindustry.ma\/en\/portfolio-category\/boucharde\/\">Bouchard\u00e9<\/a><\/p> \r\n\t\t\t<\/div>\r\n\t\t\t<a class=\"overlay\" href=\"https:\/\/promostoneindustry.ma\/en\/portfolio\/crema-galala-boucharde\/\"><\/a>\r\n\t\t<\/div>\r\n\t<\/div>\r\n<\/div>\r\n<div class=\"project-item category-64 \">\r\n\t<div class=\"projects-box\">\r\n\t\t<div class=\"projects-thumbnail\" data-src=\"https:\/\/promostoneindustry.ma\/wp-content\/uploads\/2024\/12\/Gris-Tefelt-Boucharde.jpg\" data-sub-html=\"Gris Tefelt Bouchard\u00e9\">\r\n\t\t\t<a href=\"https:\/\/promostoneindustry.ma\/en\/portfolio\/gris-tefelt-boucharde\/\">\r\n\t\t\t\t<img loading=\"lazy\" decoding=\"async\" width=\"720\" height=\"720\" src=\"https:\/\/promostoneindustry.ma\/wp-content\/uploads\/2024\/12\/Gris-Tefelt-Boucharde-720x720.jpg\" class=\"attachment-theratio-portfolio-thumbnail-grid size-theratio-portfolio-thumbnail-grid wp-post-image\" alt=\"marbre gris tiflet\u200b bouchard\u00e9\" srcset=\"https:\/\/promostoneindustry.ma\/wp-content\/uploads\/2024\/12\/Gris-Tefelt-Boucharde-720x720.jpg 720w, https:\/\/promostoneindustry.ma\/wp-content\/uploads\/2024\/12\/Gris-Tefelt-Boucharde-150x150.jpg 150w, https:\/\/promostoneindustry.ma\/wp-content\/uploads\/2024\/12\/Gris-Tefelt-Boucharde-100x100.jpg 100w\" sizes=\"(max-width: 720px) 100vw, 720px\" \/>\t\t\t<\/a>\r\n\t\t\t\r\n\t\t\t<span class=\"overlay\">\r\n\t\t\t\t<h5>Gris Tefelt Bouchard\u00e9<\/h5>\r\n\t\t\t\t<i class=\"ot-flaticon-add\"><\/i>\r\n\t\t\t<\/span>\r\n\t\t<\/div>\r\n\t\t<div class=\"portfolio-info\">\r\n\t\t\t<div class=\"portfolio-info-inner\">\r\n\t\t\t\t<h5><a class=\"title-link\" href=\"https:\/\/promostoneindustry.ma\/en\/portfolio\/gris-tefelt-boucharde\/\" data-src=\"https:\/\/promostoneindustry.ma\/wp-content\/uploads\/2024\/12\/Gris-Tefelt-Boucharde.jpg\" data-sub-html=\"Gris Tefelt Bouchard\u00e9\">Gris Tefelt Bouchard\u00e9<\/a><\/h5>\r\n\t\t\t\t<p class=\"portfolio-cates\"><a href=\"https:\/\/promostoneindustry.ma\/en\/portfolio-category\/boucharde\/\">Bouchard\u00e9<\/a><\/p> \r\n\t\t\t<\/div>\r\n\t\t\t<a class=\"overlay\" href=\"https:\/\/promostoneindustry.ma\/en\/portfolio\/gris-tefelt-boucharde\/\"><\/a>\r\n\t\t<\/div>\r\n\t<\/div>\r\n<\/div>\r\n<div class=\"project-item category-64 \">\r\n\t<div class=\"projects-box\">\r\n\t\t<div class=\"projects-thumbnail\" data-src=\"https:\/\/promostoneindustry.ma\/wp-content\/uploads\/2025\/01\/Noir-Azilal-Boucharde.jpg\" data-sub-html=\"Noir Azilal Bouchard\u00e9\">\r\n\t\t\t<a href=\"https:\/\/promostoneindustry.ma\/en\/portfolio\/noir-azilal-boucharde\/\">\r\n\t\t\t\t<img loading=\"lazy\" decoding=\"async\" width=\"720\" height=\"720\" src=\"https:\/\/promostoneindustry.ma\/wp-content\/uploads\/2025\/01\/Noir-Azilal-Boucharde-720x720.jpg\" class=\"attachment-theratio-portfolio-thumbnail-grid size-theratio-portfolio-thumbnail-grid wp-post-image\" alt=\"Marbre Noir Azilal Bouchard\u00e9\" srcset=\"https:\/\/promostoneindustry.ma\/wp-content\/uploads\/2025\/01\/Noir-Azilal-Boucharde-720x720.jpg 720w, https:\/\/promostoneindustry.ma\/wp-content\/uploads\/2025\/01\/Noir-Azilal-Boucharde-150x150.jpg 150w, https:\/\/promostoneindustry.ma\/wp-content\/uploads\/2025\/01\/Noir-Azilal-Boucharde-100x100.jpg 100w\" sizes=\"(max-width: 720px) 100vw, 720px\" \/>\t\t\t<\/a>\r\n\t\t\t\r\n\t\t\t<span class=\"overlay\">\r\n\t\t\t\t<h5>Noir Azilal Bouchard\u00e9<\/h5>\r\n\t\t\t\t<i class=\"ot-flaticon-add\"><\/i>\r\n\t\t\t<\/span>\r\n\t\t<\/div>\r\n\t\t<div class=\"portfolio-info\">\r\n\t\t\t<div class=\"portfolio-info-inner\">\r\n\t\t\t\t<h5><a class=\"title-link\" href=\"https:\/\/promostoneindustry.ma\/en\/portfolio\/noir-azilal-boucharde\/\" data-src=\"https:\/\/promostoneindustry.ma\/wp-content\/uploads\/2025\/01\/Noir-Azilal-Boucharde.jpg\" data-sub-html=\"Noir Azilal Bouchard\u00e9\">Noir Azilal Bouchard\u00e9<\/a><\/h5>\r\n\t\t\t\t<p class=\"portfolio-cates\"><a href=\"https:\/\/promostoneindustry.ma\/en\/portfolio-category\/boucharde\/\">Bouchard\u00e9<\/a><\/p> \r\n\t\t\t<\/div>\r\n\t\t\t<a class=\"overlay\" href=\"https:\/\/promostoneindustry.ma\/en\/portfolio\/noir-azilal-boucharde\/\"><\/a>\r\n\t\t<\/div>\r\n\t<\/div>\r\n<\/div>\t\t\t<\/div>\r\n\r\n\t\t\t\t    <\/div>\r\n\t\t\t\t\t\t\t\t\t\t\r\n\t    \t\t\t\t<\/div>\n\t\t\t\t<\/div>\n\t\t\t\t\t<\/div>\n\t\t<\/div>\n\t\t\t\t\t<\/div>\n\t\t<\/section>\n\t\t\t\t<\/div>\n\t\t","protected":false},"excerpt":{"rendered":"<p>[ Bouchard\u00e9 ] Finition de surface All Bouchard\u00e9 Blanc Zayane Bouchard\u00e9 Blanc Zayane Bouchard\u00e9 Bouchard\u00e9 Crema Marfile Bouchard\u00e9 Crema Marfile Bouchard\u00e9 Bouchard\u00e9 Ibiza Bouchard\u00e9 Ibiza Bouchard\u00e9 Bouchard\u00e9 Gris Benslimane Bouchard\u00e9 Gris Benslimane Bouchard\u00e9 Bouchard\u00e9 Crema Galala Bouchard\u00e9 Crema Galala Bouchard\u00e9 Bouchard\u00e9 Gris Tefelt Bouchard\u00e9 Gris Tefelt Bouchard\u00e9 Bouchard\u00e9 Noir Azilal Bouchard\u00e9 Noir Azilal Bouchard\u00e9 Bouchard\u00e9 [&hellip;]<\/p>\n","protected":false},"author":1,"featured_media":0,"parent":0,"menu_order":0,"comment_status":"closed","ping_status":"closed","template":"","meta":{"om_disable_all_campaigns":false,"_monsterinsights_skip_tracking":false,"_monsterinsights_sitenote_active":false,"_monsterinsights_sitenote_note":"","_monsterinsights_sitenote_category":0,"footnotes":""},"class_list":["post-7116","page","type-page","status-publish","hentry"],"aioseo_notices":[],"jetpack_sharing_enabled":true,"_links":{"self":[{"href":"https:\/\/promostoneindustry.ma\/en\/wp-json\/wp\/v2\/pages\/7116","targetHints":{"allow":["GET"]}}],"collection":[{"href":"https:\/\/promostoneindustry.ma\/en\/wp-json\/wp\/v2\/pages"}],"about":[{"href":"https:\/\/promostoneindustry.ma\/en\/wp-json\/wp\/v2\/types\/page"}],"author":[{"embeddable":true,"href":"https:\/\/promostoneindustry.ma\/en\/wp-json\/wp\/v2\/users\/1"}],"replies":[{"embeddable":true,"href":"https:\/\/promostoneindustry.ma\/en\/wp-json\/wp\/v2\/comments?post=7116"}],"version-history":[{"count":7,"href":"https:\/\/promostoneindustry.ma\/en\/wp-json\/wp\/v2\/pages\/7116\/revisions"}],"predecessor-version":[{"id":7284,"href":"https:\/\/promostoneindustry.ma\/en\/wp-json\/wp\/v2\/pages\/7116\/revisions\/7284"}],"wp:attachment":[{"href":"https:\/\/promostoneindustry.ma\/en\/wp-json\/wp\/v2\/media?parent=7116"}],"curies":[{"name":"wp","href":"https:\/\/api.w.org\/{rel}","templated":true}]}}