{"id":7114,"date":"2024-12-11T09:42:35","date_gmt":"2024-12-11T09:42:35","guid":{"rendered":"https:\/\/promostoneindustry.ma\/?page_id=7114"},"modified":"2026-03-28T15:03:42","modified_gmt":"2026-03-28T15:03:42","slug":"sable","status":"publish","type":"page","link":"https:\/\/promostoneindustry.ma\/en\/sable\/","title":{"rendered":"Sandblasted"},"content":{"rendered":"\t\t<div data-elementor-type=\"wp-page\" data-elementor-id=\"7114\" class=\"elementor elementor-7114\">\n\t\t\t\t\t\t<section class=\"elementor-section elementor-top-section elementor-element elementor-element-8288cfc elementor-section-boxed elementor-section-height-default elementor-section-height-default elementor-invisible\" data-id=\"8288cfc\" data-element_type=\"section\" data-e-type=\"section\" data-settings=\"{&quot;animation&quot;:&quot;fadeInDown&quot;,&quot;background_background&quot;:&quot;classic&quot;}\">\n\t\t\t\t\t\t<div class=\"elementor-container elementor-column-gap-default\">\n\t\t\t\t\t<div class=\"elementor-column elementor-col-100 elementor-top-column elementor-element elementor-element-44a80f8 ot-flex-column-vertical\" data-id=\"44a80f8\" data-element_type=\"column\" data-e-type=\"column\">\n\t\t\t<div class=\"elementor-widget-wrap elementor-element-populated\">\n\t\t\t\t\t\t<div class=\"elementor-element elementor-element-b58ce2e theratio-align-center elementor-widget elementor-widget-iheading\" data-id=\"b58ce2e\" data-element_type=\"widget\" data-e-type=\"widget\" data-widget_type=\"iheading.default\">\n\t\t\t\t<div class=\"elementor-widget-container\">\n\t\t\t\t\t\t\t<div class=\"ot-heading is-dots\">\r\n\t        <span>[ SAble ]<\/span>\t        <h2 class=\"main-heading\">D\u00e9couvrez Nos Produits<\/h2>\t    <\/div>\r\n\t    \t\t\t\t<\/div>\n\t\t\t\t<\/div>\n\t\t\t\t<div class=\"elementor-element elementor-element-c21fbc6 elementor-widget elementor-widget-ipfilter\" data-id=\"c21fbc6\" data-element_type=\"widget\" data-e-type=\"widget\" data-widget_type=\"ipfilter.default\">\n\t\t\t\t<div class=\"elementor-widget-container\">\n\t\t\t\t\t\r\n\t\t<div class=\"project-filter-wrapper\">\r\n\t\t\t\t        \t<div class=\"container\">\r\n\t        \t\t<ul class=\"project_filters\">\r\n\t        \t\t\t\t        \t\t\t \t<li><a href=\"#\" data-filter=\"*\" class=\"selected btn-details\">All<span class=\"filter-count\"><\/span><\/a><\/li>\r\n\t        \t\t\t\t\t                \t\t                \t<li>\r\n\t\t\t\t\t\t\t\t<a class=\"btn-details\" href='#' data-filter='.category-69'>Sabl\u00e9<span class=\"filter-count\"><\/span><\/a>\r\n\t\t\t\t\t\t\t<\/li>\t                   \r\n\t\t                \t\t\t\t\t<\/ul>\r\n\t\t\t\t<\/div>\r\n\t        \t\t\t\t        <div class=\"projects-grid pf_4_cols style-3 img-scale w-auto\" data-load=\"4\" data-count=\"18\">\r\n\t\t\t<div class=\"grid-sizer\"><\/div>\r\n\t            \r\n<div class=\"project-item category-69 \">\r\n\t<div class=\"projects-box\">\r\n\t\t<div class=\"projects-thumbnail\" data-src=\"https:\/\/promostoneindustry.ma\/wp-content\/uploads\/2025\/02\/Crema-Atlas-Sable.jpg\" data-sub-html=\"Crema Atlas Sabl\u00e9\">\r\n\t\t\t<a href=\"https:\/\/promostoneindustry.ma\/en\/portfolio\/crema-atlas-sable-2\/\">\r\n\t\t\t\t<img fetchpriority=\"high\" decoding=\"async\" width=\"720\" height=\"720\" src=\"https:\/\/promostoneindustry.ma\/wp-content\/uploads\/2025\/02\/Crema-Atlas-Sable-720x720.jpg\" class=\"attachment-theratio-portfolio-thumbnail-grid size-theratio-portfolio-thumbnail-grid wp-post-image\" alt=\"Marbre Maroc Crema Atlas Sabl\u00e9\" srcset=\"https:\/\/promostoneindustry.ma\/wp-content\/uploads\/2025\/02\/Crema-Atlas-Sable-720x720.jpg 720w, https:\/\/promostoneindustry.ma\/wp-content\/uploads\/2025\/02\/Crema-Atlas-Sable-150x150.jpg 150w, https:\/\/promostoneindustry.ma\/wp-content\/uploads\/2025\/02\/Crema-Atlas-Sable-100x100.jpg 100w\" sizes=\"(max-width: 720px) 100vw, 720px\" \/>\t\t\t<\/a>\r\n\t\t\t\r\n\t\t\t<span class=\"overlay\">\r\n\t\t\t\t<h5>Crema Atlas Sabl\u00e9<\/h5>\r\n\t\t\t\t<i class=\"ot-flaticon-add\"><\/i>\r\n\t\t\t<\/span>\r\n\t\t<\/div>\r\n\t\t<div class=\"portfolio-info\">\r\n\t\t\t<div class=\"portfolio-info-inner\">\r\n\t\t\t\t<h5><a class=\"title-link\" href=\"https:\/\/promostoneindustry.ma\/en\/portfolio\/crema-atlas-sable-2\/\" data-src=\"https:\/\/promostoneindustry.ma\/wp-content\/uploads\/2025\/02\/Crema-Atlas-Sable.jpg\" data-sub-html=\"Crema Atlas Sabl\u00e9\">Crema Atlas Sabl\u00e9<\/a><\/h5>\r\n\t\t\t\t<p class=\"portfolio-cates\"><a href=\"https:\/\/promostoneindustry.ma\/en\/portfolio-category\/sable\/\">Sabl\u00e9<\/a><\/p> \r\n\t\t\t<\/div>\r\n\t\t\t<a class=\"overlay\" href=\"https:\/\/promostoneindustry.ma\/en\/portfolio\/crema-atlas-sable-2\/\"><\/a>\r\n\t\t<\/div>\r\n\t<\/div>\r\n<\/div>\r\n<div class=\"project-item category-69 \">\r\n\t<div class=\"projects-box\">\r\n\t\t<div class=\"projects-thumbnail\" data-src=\"https:\/\/promostoneindustry.ma\/wp-content\/uploads\/2025\/02\/Blanc-Carrare-Sable.jpg\" data-sub-html=\"Blanc Carrare Sabl\u00e9\">\r\n\t\t\t<a href=\"https:\/\/promostoneindustry.ma\/en\/portfolio\/blanc-carrare-sable\/\">\r\n\t\t\t\t<img decoding=\"async\" width=\"720\" height=\"720\" src=\"https:\/\/promostoneindustry.ma\/wp-content\/uploads\/2025\/02\/Blanc-Carrare-Sable-720x720.jpg\" class=\"attachment-theratio-portfolio-thumbnail-grid size-theratio-portfolio-thumbnail-grid wp-post-image\" alt=\"marbre blanc carrare\u200b Sabl\u00e9\" srcset=\"https:\/\/promostoneindustry.ma\/wp-content\/uploads\/2025\/02\/Blanc-Carrare-Sable-720x720.jpg 720w, https:\/\/promostoneindustry.ma\/wp-content\/uploads\/2025\/02\/Blanc-Carrare-Sable-150x150.jpg 150w, https:\/\/promostoneindustry.ma\/wp-content\/uploads\/2025\/02\/Blanc-Carrare-Sable-100x100.jpg 100w\" sizes=\"(max-width: 720px) 100vw, 720px\" \/>\t\t\t<\/a>\r\n\t\t\t\r\n\t\t\t<span class=\"overlay\">\r\n\t\t\t\t<h5>Blanc Carrare Sabl\u00e9<\/h5>\r\n\t\t\t\t<i class=\"ot-flaticon-add\"><\/i>\r\n\t\t\t<\/span>\r\n\t\t<\/div>\r\n\t\t<div class=\"portfolio-info\">\r\n\t\t\t<div class=\"portfolio-info-inner\">\r\n\t\t\t\t<h5><a class=\"title-link\" href=\"https:\/\/promostoneindustry.ma\/en\/portfolio\/blanc-carrare-sable\/\" data-src=\"https:\/\/promostoneindustry.ma\/wp-content\/uploads\/2025\/02\/Blanc-Carrare-Sable.jpg\" data-sub-html=\"Blanc Carrare Sabl\u00e9\">Blanc Carrare Sabl\u00e9<\/a><\/h5>\r\n\t\t\t\t<p class=\"portfolio-cates\"><a href=\"https:\/\/promostoneindustry.ma\/en\/portfolio-category\/sable\/\">Sabl\u00e9<\/a><\/p> \r\n\t\t\t<\/div>\r\n\t\t\t<a class=\"overlay\" href=\"https:\/\/promostoneindustry.ma\/en\/portfolio\/blanc-carrare-sable\/\"><\/a>\r\n\t\t<\/div>\r\n\t<\/div>\r\n<\/div>\r\n<div class=\"project-item category-69 \">\r\n\t<div class=\"projects-box\">\r\n\t\t<div class=\"projects-thumbnail\" data-src=\"https:\/\/promostoneindustry.ma\/wp-content\/uploads\/2025\/01\/sable-Vert-Guatemala-4.jpg\" data-sub-html=\"Vert Guatemala Sabl\u00e9\">\r\n\t\t\t<a href=\"https:\/\/promostoneindustry.ma\/en\/portfolio\/vert-guatemala-sable\/\">\r\n\t\t\t\t<img decoding=\"async\" width=\"720\" height=\"720\" src=\"https:\/\/promostoneindustry.ma\/wp-content\/uploads\/2025\/01\/sable-Vert-Guatemala-4-720x720.jpg\" class=\"attachment-theratio-portfolio-thumbnail-grid size-theratio-portfolio-thumbnail-grid wp-post-image\" alt=\"Marbre Vert Guatemala Marbre maroc\" srcset=\"https:\/\/promostoneindustry.ma\/wp-content\/uploads\/2025\/01\/sable-Vert-Guatemala-4-720x720.jpg 720w, https:\/\/promostoneindustry.ma\/wp-content\/uploads\/2025\/01\/sable-Vert-Guatemala-4-150x150.jpg 150w, https:\/\/promostoneindustry.ma\/wp-content\/uploads\/2025\/01\/sable-Vert-Guatemala-4-100x100.jpg 100w\" sizes=\"(max-width: 720px) 100vw, 720px\" \/>\t\t\t<\/a>\r\n\t\t\t\r\n\t\t\t<span class=\"overlay\">\r\n\t\t\t\t<h5>Vert Guatemala Sabl\u00e9<\/h5>\r\n\t\t\t\t<i class=\"ot-flaticon-add\"><\/i>\r\n\t\t\t<\/span>\r\n\t\t<\/div>\r\n\t\t<div class=\"portfolio-info\">\r\n\t\t\t<div class=\"portfolio-info-inner\">\r\n\t\t\t\t<h5><a class=\"title-link\" href=\"https:\/\/promostoneindustry.ma\/en\/portfolio\/vert-guatemala-sable\/\" data-src=\"https:\/\/promostoneindustry.ma\/wp-content\/uploads\/2025\/01\/sable-Vert-Guatemala-4.jpg\" data-sub-html=\"Vert Guatemala Sabl\u00e9\">Vert Guatemala Sabl\u00e9<\/a><\/h5>\r\n\t\t\t\t<p class=\"portfolio-cates\"><a href=\"https:\/\/promostoneindustry.ma\/en\/portfolio-category\/sable\/\">Sabl\u00e9<\/a><\/p> \r\n\t\t\t<\/div>\r\n\t\t\t<a class=\"overlay\" href=\"https:\/\/promostoneindustry.ma\/en\/portfolio\/vert-guatemala-sable\/\"><\/a>\r\n\t\t<\/div>\r\n\t<\/div>\r\n<\/div>\r\n<div class=\"project-item category-69 \">\r\n\t<div class=\"projects-box\">\r\n\t\t<div class=\"projects-thumbnail\" data-src=\"https:\/\/promostoneindustry.ma\/wp-content\/uploads\/2025\/02\/Noir-Khenifra-Sable.jpg\" data-sub-html=\"Noir Kh\u00e9nifra Sabl\u00e9\">\r\n\t\t\t<a href=\"https:\/\/promostoneindustry.ma\/en\/portfolio\/noir-khenifra-sable\/\">\r\n\t\t\t\t<img loading=\"lazy\" decoding=\"async\" width=\"720\" height=\"720\" src=\"https:\/\/promostoneindustry.ma\/wp-content\/uploads\/2025\/02\/Noir-Khenifra-Sable-720x720.jpg\" class=\"attachment-theratio-portfolio-thumbnail-grid size-theratio-portfolio-thumbnail-grid wp-post-image\" alt=\"marbre Noir Kh\u00e9nifra marbre maroc\" srcset=\"https:\/\/promostoneindustry.ma\/wp-content\/uploads\/2025\/02\/Noir-Khenifra-Sable-720x720.jpg 720w, https:\/\/promostoneindustry.ma\/wp-content\/uploads\/2025\/02\/Noir-Khenifra-Sable-150x150.jpg 150w, https:\/\/promostoneindustry.ma\/wp-content\/uploads\/2025\/02\/Noir-Khenifra-Sable-100x100.jpg 100w\" sizes=\"(max-width: 720px) 100vw, 720px\" \/>\t\t\t<\/a>\r\n\t\t\t\r\n\t\t\t<span class=\"overlay\">\r\n\t\t\t\t<h5>Noir Kh\u00e9nifra Sabl\u00e9<\/h5>\r\n\t\t\t\t<i class=\"ot-flaticon-add\"><\/i>\r\n\t\t\t<\/span>\r\n\t\t<\/div>\r\n\t\t<div class=\"portfolio-info\">\r\n\t\t\t<div class=\"portfolio-info-inner\">\r\n\t\t\t\t<h5><a class=\"title-link\" href=\"https:\/\/promostoneindustry.ma\/en\/portfolio\/noir-khenifra-sable\/\" data-src=\"https:\/\/promostoneindustry.ma\/wp-content\/uploads\/2025\/02\/Noir-Khenifra-Sable.jpg\" data-sub-html=\"Noir Kh\u00e9nifra Sabl\u00e9\">Noir Kh\u00e9nifra Sabl\u00e9<\/a><\/h5>\r\n\t\t\t\t<p class=\"portfolio-cates\"><a href=\"https:\/\/promostoneindustry.ma\/en\/portfolio-category\/sable\/\">Sabl\u00e9<\/a><\/p> \r\n\t\t\t<\/div>\r\n\t\t\t<a class=\"overlay\" href=\"https:\/\/promostoneindustry.ma\/en\/portfolio\/noir-khenifra-sable\/\"><\/a>\r\n\t\t<\/div>\r\n\t<\/div>\r\n<\/div>\r\n<div class=\"project-item category-69 \">\r\n\t<div class=\"projects-box\">\r\n\t\t<div class=\"projects-thumbnail\" data-src=\"https:\/\/promostoneindustry.ma\/wp-content\/uploads\/2025\/02\/volubulis-travertin.jpg\" data-sub-html=\"Volubilis Sabl\u00e9\">\r\n\t\t\t<a href=\"https:\/\/promostoneindustry.ma\/en\/portfolio\/volubilis-sable\/\">\r\n\t\t\t\t<img loading=\"lazy\" decoding=\"async\" width=\"720\" height=\"720\" src=\"https:\/\/promostoneindustry.ma\/wp-content\/uploads\/2025\/02\/volubulis-travertin-720x720.jpg\" class=\"attachment-theratio-portfolio-thumbnail-grid size-theratio-portfolio-thumbnail-grid wp-post-image\" alt=\"marbre volubilis\u200b travertin maroc\" srcset=\"https:\/\/promostoneindustry.ma\/wp-content\/uploads\/2025\/02\/volubulis-travertin-720x720.jpg 720w, https:\/\/promostoneindustry.ma\/wp-content\/uploads\/2025\/02\/volubulis-travertin-150x150.jpg 150w, https:\/\/promostoneindustry.ma\/wp-content\/uploads\/2025\/02\/volubulis-travertin-100x100.jpg 100w\" sizes=\"(max-width: 720px) 100vw, 720px\" \/>\t\t\t<\/a>\r\n\t\t\t\r\n\t\t\t<span class=\"overlay\">\r\n\t\t\t\t<h5>Volubilis Sabl\u00e9<\/h5>\r\n\t\t\t\t<i class=\"ot-flaticon-add\"><\/i>\r\n\t\t\t<\/span>\r\n\t\t<\/div>\r\n\t\t<div class=\"portfolio-info\">\r\n\t\t\t<div class=\"portfolio-info-inner\">\r\n\t\t\t\t<h5><a class=\"title-link\" href=\"https:\/\/promostoneindustry.ma\/en\/portfolio\/volubilis-sable\/\" data-src=\"https:\/\/promostoneindustry.ma\/wp-content\/uploads\/2025\/02\/volubulis-travertin.jpg\" data-sub-html=\"Volubilis Sabl\u00e9\">Volubilis Sabl\u00e9<\/a><\/h5>\r\n\t\t\t\t<p class=\"portfolio-cates\"><a href=\"https:\/\/promostoneindustry.ma\/en\/portfolio-category\/sable\/\">Sabl\u00e9<\/a><\/p> \r\n\t\t\t<\/div>\r\n\t\t\t<a class=\"overlay\" href=\"https:\/\/promostoneindustry.ma\/en\/portfolio\/volubilis-sable\/\"><\/a>\r\n\t\t<\/div>\r\n\t<\/div>\r\n<\/div>\r\n<div class=\"project-item category-69 \">\r\n\t<div class=\"projects-box\">\r\n\t\t<div class=\"projects-thumbnail\" data-src=\"https:\/\/promostoneindustry.ma\/wp-content\/uploads\/2025\/02\/Blanc-Polaris-Sable.jpg\" data-sub-html=\"Blanc Polaris Sabl\u00e9\">\r\n\t\t\t<a href=\"https:\/\/promostoneindustry.ma\/en\/portfolio\/blanc-polaris-sable\/\">\r\n\t\t\t\t<img loading=\"lazy\" decoding=\"async\" width=\"720\" height=\"720\" src=\"https:\/\/promostoneindustry.ma\/wp-content\/uploads\/2025\/02\/Blanc-Polaris-Sable-720x720.jpg\" class=\"attachment-theratio-portfolio-thumbnail-grid size-theratio-portfolio-thumbnail-grid wp-post-image\" alt=\"marbre blanc\u200b Polaris Sabl\u00e9\" srcset=\"https:\/\/promostoneindustry.ma\/wp-content\/uploads\/2025\/02\/Blanc-Polaris-Sable-720x720.jpg 720w, https:\/\/promostoneindustry.ma\/wp-content\/uploads\/2025\/02\/Blanc-Polaris-Sable-150x150.jpg 150w, https:\/\/promostoneindustry.ma\/wp-content\/uploads\/2025\/02\/Blanc-Polaris-Sable-100x100.jpg 100w\" sizes=\"(max-width: 720px) 100vw, 720px\" \/>\t\t\t<\/a>\r\n\t\t\t\r\n\t\t\t<span class=\"overlay\">\r\n\t\t\t\t<h5>Blanc Polaris Sabl\u00e9<\/h5>\r\n\t\t\t\t<i class=\"ot-flaticon-add\"><\/i>\r\n\t\t\t<\/span>\r\n\t\t<\/div>\r\n\t\t<div class=\"portfolio-info\">\r\n\t\t\t<div class=\"portfolio-info-inner\">\r\n\t\t\t\t<h5><a class=\"title-link\" href=\"https:\/\/promostoneindustry.ma\/en\/portfolio\/blanc-polaris-sable\/\" data-src=\"https:\/\/promostoneindustry.ma\/wp-content\/uploads\/2025\/02\/Blanc-Polaris-Sable.jpg\" data-sub-html=\"Blanc Polaris Sabl\u00e9\">Blanc Polaris Sabl\u00e9<\/a><\/h5>\r\n\t\t\t\t<p class=\"portfolio-cates\"><a href=\"https:\/\/promostoneindustry.ma\/en\/portfolio-category\/sable\/\">Sabl\u00e9<\/a><\/p> \r\n\t\t\t<\/div>\r\n\t\t\t<a class=\"overlay\" href=\"https:\/\/promostoneindustry.ma\/en\/portfolio\/blanc-polaris-sable\/\"><\/a>\r\n\t\t<\/div>\r\n\t<\/div>\r\n<\/div>\t\t\t<\/div>\r\n\r\n\t\t\t\t    <\/div>\r\n\t\t\t\t\t\t\t\t\t\t\r\n\t    \t\t\t\t<\/div>\n\t\t\t\t<\/div>\n\t\t\t\t\t<\/div>\n\t\t<\/div>\n\t\t\t\t\t<\/div>\n\t\t<\/section>\n\t\t\t\t<\/div>\n\t\t","protected":false},"excerpt":{"rendered":"<p>[ SAble ] D\u00e9couvrez Nos Produits All Sabl\u00e9 Ibiza Sabl\u00e9 Ibiza Sabl\u00e9 Sabl\u00e9 Crema Marfile Sabl\u00e9 Crema Marfile Sabl\u00e9 Sabl\u00e9 Blanc Zayane Sabl\u00e9 Blanc Zayane Sabl\u00e9 Sabl\u00e9<\/p>\n","protected":false},"author":1,"featured_media":0,"parent":0,"menu_order":0,"comment_status":"closed","ping_status":"closed","template":"","meta":{"om_disable_all_campaigns":false,"_monsterinsights_skip_tracking":false,"_monsterinsights_sitenote_active":false,"_monsterinsights_sitenote_note":"","_monsterinsights_sitenote_category":0,"footnotes":""},"class_list":["post-7114","page","type-page","status-publish","hentry"],"aioseo_notices":[],"jetpack_sharing_enabled":true,"_links":{"self":[{"href":"https:\/\/promostoneindustry.ma\/en\/wp-json\/wp\/v2\/pages\/7114","targetHints":{"allow":["GET"]}}],"collection":[{"href":"https:\/\/promostoneindustry.ma\/en\/wp-json\/wp\/v2\/pages"}],"about":[{"href":"https:\/\/promostoneindustry.ma\/en\/wp-json\/wp\/v2\/types\/page"}],"author":[{"embeddable":true,"href":"https:\/\/promostoneindustry.ma\/en\/wp-json\/wp\/v2\/users\/1"}],"replies":[{"embeddable":true,"href":"https:\/\/promostoneindustry.ma\/en\/wp-json\/wp\/v2\/comments?post=7114"}],"version-history":[{"count":8,"href":"https:\/\/promostoneindustry.ma\/en\/wp-json\/wp\/v2\/pages\/7114\/revisions"}],"predecessor-version":[{"id":8221,"href":"https:\/\/promostoneindustry.ma\/en\/wp-json\/wp\/v2\/pages\/7114\/revisions\/8221"}],"wp:attachment":[{"href":"https:\/\/promostoneindustry.ma\/en\/wp-json\/wp\/v2\/media?parent=7114"}],"curies":[{"name":"wp","href":"https:\/\/api.w.org\/{rel}","templated":true}]}}