{"id":5217,"date":"2024-10-31T14:31:35","date_gmt":"2024-10-31T14:31:35","guid":{"rendered":"https:\/\/promostoneindustry.ma\/?page_id=5217"},"modified":"2026-04-02T15:15:11","modified_gmt":"2026-04-02T15:15:11","slug":"sablage","status":"publish","type":"page","link":"https:\/\/promostoneindustry.ma\/en\/sablage\/","title":{"rendered":"Sandblasting"},"content":{"rendered":"\t\t<div data-elementor-type=\"wp-page\" data-elementor-id=\"5217\" class=\"elementor elementor-5217\">\n\t\t\t\t\t\t<section class=\"elementor-section elementor-top-section elementor-element elementor-element-9bb2b91 elementor-section-boxed elementor-section-height-default elementor-section-height-default\" data-id=\"9bb2b91\" data-element_type=\"section\" data-e-type=\"section\">\n\t\t\t\t\t\t<div class=\"elementor-container elementor-column-gap-extended\">\n\t\t\t\t\t<div class=\"elementor-column elementor-col-50 elementor-top-column elementor-element elementor-element-a80fe3d ot-flex-column-vertical\" data-id=\"a80fe3d\" data-element_type=\"column\" data-e-type=\"column\">\n\t\t\t<div class=\"elementor-widget-wrap elementor-element-populated\">\n\t\t\t\t\t\t<div class=\"elementor-element elementor-element-4f5538f widget-area elementor-widget elementor-widget-sidebar\" data-id=\"4f5538f\" data-element_type=\"widget\" data-e-type=\"widget\" data-widget_type=\"sidebar.default\">\n\t\t\t\t<div class=\"elementor-widget-container\">\n\t\t\t\t\t<section id=\"nav_menu-1\" class=\"widget widget_nav_menu\"><div class=\"menu-menu-service-container\"><ul id=\"menu-menu-service\" class=\"menu\"><li id=\"menu-item-2924\" class=\"menu-item menu-item-type-post_type menu-item-object-page menu-item-2924\"><a href=\"https:\/\/promostoneindustry.ma\/en\/exploitation-des-carrieres-et-extraction-des-blocs\/\">01.  Carri\u00e8res et Blocs<\/a><\/li>\n<li id=\"menu-item-5225\" class=\"menu-item menu-item-type-post_type menu-item-object-page menu-item-5225\"><a href=\"https:\/\/promostoneindustry.ma\/en\/sciage\/\">02. Sciage<\/a><\/li>\n<li id=\"menu-item-2929\" class=\"menu-item menu-item-type-post_type menu-item-object-page menu-item-2929\"><a href=\"https:\/\/promostoneindustry.ma\/en\/debitage-et-usinage\/\">03. D\u00e9bitage et Usinage<\/a><\/li>\n<li id=\"menu-item-2928\" class=\"menu-item menu-item-type-post_type menu-item-object-page menu-item-2928\"><a href=\"https:\/\/promostoneindustry.ma\/en\/traitement-de-surface\/\">04. Traitement de Surface et Polissage<\/a><\/li>\n<li id=\"menu-item-2927\" class=\"menu-item menu-item-type-post_type menu-item-object-page menu-item-2927\"><a href=\"https:\/\/promostoneindustry.ma\/en\/vieillissement\/\">05. Vieillissement<\/a><\/li>\n<li id=\"menu-item-5223\" class=\"menu-item menu-item-type-post_type menu-item-object-page menu-item-5223\"><a href=\"https:\/\/promostoneindustry.ma\/en\/sablage\/\">06. Sablage<\/a><\/li>\n<li id=\"menu-item-5224\" class=\"menu-item menu-item-type-post_type menu-item-object-page menu-item-5224\"><a href=\"https:\/\/promostoneindustry.ma\/en\/bouchardage\/\">07. Bouchardage<\/a><\/li>\n<li id=\"menu-item-2926\" class=\"menu-item menu-item-type-post_type menu-item-object-page menu-item-2926\"><a href=\"https:\/\/promostoneindustry.ma\/en\/atelier-de-finition\/\">08. Atelier de Finition<\/a><\/li>\n<li id=\"menu-item-2925\" class=\"menu-item menu-item-type-post_type menu-item-object-page menu-item-2925\"><a href=\"https:\/\/promostoneindustry.ma\/en\/importation-de-pierres-naturelles\/\">09.. Importation<\/a><\/li>\n<li id=\"menu-item-5161\" class=\"menu-item menu-item-type-post_type menu-item-object-page menu-item-5161\"><a href=\"https:\/\/promostoneindustry.ma\/en\/exportation-de-produits-locaux\/\">10. Exportation de Produits Locaux<\/a><\/li>\n<li id=\"menu-item-5179\" class=\"menu-item menu-item-type-post_type menu-item-object-page menu-item-5179\"><a href=\"https:\/\/promostoneindustry.ma\/en\/services-personnalises\/\">11. Services Personnalis\u00e9s<\/a><\/li>\n<\/ul><\/div><\/section>\t\t\t\t<\/div>\n\t\t\t\t<\/div>\n\t\t\t\t\t<\/div>\n\t\t<\/div>\n\t\t\t\t<div class=\"elementor-column elementor-col-50 elementor-top-column elementor-element elementor-element-de2ce27 ot-flex-column-vertical\" data-id=\"de2ce27\" data-element_type=\"column\" data-e-type=\"column\">\n\t\t\t<div class=\"elementor-widget-wrap elementor-element-populated\">\n\t\t\t\t\t\t<div class=\"elementor-element elementor-element-2cf13f7 elementor-widget elementor-widget-iheading\" data-id=\"2cf13f7\" data-element_type=\"widget\" data-e-type=\"widget\" data-widget_type=\"iheading.default\">\n\t\t\t\t<div class=\"elementor-widget-container\">\n\t\t\t\t\t\t\t<div class=\"ot-heading \">\r\n\t        <span>[ Ce Que Nous Offrons ]<\/span>\t        <h2 class=\"main-heading\">Sablage<\/h2>\t    <\/div>\r\n\t    \t\t\t\t<\/div>\n\t\t\t\t<\/div>\n\t\t\t\t<div class=\"elementor-element elementor-element-7e3d3f1 elementor-widget elementor-widget-text-editor\" data-id=\"7e3d3f1\" data-element_type=\"widget\" data-e-type=\"widget\" data-widget_type=\"text-editor.default\">\n\t\t\t\t<div class=\"elementor-widget-container\">\n\t\t\t\t\t\t\t\t\t<div class=\"flex max-w-full flex-col flex-grow\"><div class=\"min-h-8 text-message flex w-full flex-col items-end gap-2 whitespace-normal break-words [.text-message+&amp;]:mt-5\" dir=\"auto\" data-message-author-role=\"assistant\" data-message-id=\"00a012b2-ab0e-4dd0-9ab1-e61bc85e211d\" data-message-model-slug=\"gpt-4o-mini\"><div class=\"flex w-full flex-col gap-1 empty:hidden first:pt-[3px]\"><div class=\"markdown prose w-full break-words dark:prose-invert light\"><p>Le sablage est une m\u00e9thode de traitement de surface qui donne au marbre une finition rugueuse, augmentant son adh\u00e9rence et sa r\u00e9sistance.<\/p><\/div><\/div><\/div><\/div>\t\t\t\t\t\t\t\t<\/div>\n\t\t\t\t<\/div>\n\t\t\t\t<div class=\"elementor-element elementor-element-40defe2 elementor-widget elementor-widget-theratio-image-carousel\" data-id=\"40defe2\" data-element_type=\"widget\" data-e-type=\"widget\" data-widget_type=\"theratio-image-carousel.default\">\n\t\t\t\t<div class=\"elementor-widget-container\">\n\t\t\t\t\t\r\n\t\t<div class=\"image-carousel swiper swiper-container\" data-slider_options=\"{&quot;slides_show_desktop&quot;:2,&quot;slides_show_tablet&quot;:2,&quot;slides_show_mobile&quot;:2,&quot;slides_scroll_desktop&quot;:1,&quot;slides_scroll_tablet&quot;:1,&quot;slides_scroll_mobile&quot;:1,&quot;margin_desktop&quot;:30,&quot;margin_tablet&quot;:30,&quot;margin_mobile&quot;:30,&quot;arrows&quot;:true,&quot;dots&quot;:false}\"  data-item-slider=\"ot_slider_40defe2\">\t\t\t\r\n\t\t\t<div class=\"swiper-wrapper\">\r\n\t\t        <div class=\"swiper-slide\"><div class=\"img-item\"><figure><img decoding=\"async\" src=\"https:\/\/promostoneindustry.ma\/wp-content\/uploads\/2025\/02\/Sablage-3.png\" alt=\"\"><\/figure><\/div><\/div><div class=\"swiper-slide\"><div class=\"img-item\"><figure><img decoding=\"async\" src=\"https:\/\/promostoneindustry.ma\/wp-content\/uploads\/2025\/02\/sablage.png\" alt=\"\"><\/figure><\/div><\/div><div class=\"swiper-slide\"><div class=\"img-item\"><figure><img decoding=\"async\" src=\"https:\/\/promostoneindustry.ma\/wp-content\/uploads\/2025\/02\/Sablage-4.png\" alt=\"\"><\/figure><\/div><\/div>\t\t    <\/div>\r\n\r\n\t\t\t\t\t\t\t\t\t<!-- Add Arrows -->\r\n\t\t\t<div class=\"octf-swiper-button-next\" data-slider=\"ot_slider_40defe2\"><i class=\"ot-flaticon-right-arrow\"><\/i><\/div>\r\n\t\t\t<div class=\"octf-swiper-button-prev\" data-slider=\"ot_slider_40defe2\"><i class=\"ot-flaticon-left-arrow\"><\/i><\/div>\r\n\t\t\t\t    <\/div>\r\n\t\t\t\t\t\t<\/div>\n\t\t\t\t<\/div>\n\t\t\t\t<div class=\"elementor-element elementor-element-5060dad elementor-widget elementor-widget-text-editor\" data-id=\"5060dad\" data-element_type=\"widget\" data-e-type=\"widget\" data-widget_type=\"text-editor.default\">\n\t\t\t\t<div class=\"elementor-widget-container\">\n\t\t\t\t\t\t\t\t\t<p>Ce processus est id\u00e9al pour les surfaces qui n\u00e9cessitent une traction suppl\u00e9mentaire, comme les douches ou les bords de piscine.<\/p>\t\t\t\t\t\t\t\t<\/div>\n\t\t\t\t<\/div>\n\t\t\t\t<div class=\"elementor-element elementor-element-7eeb88d elementor-widget elementor-widget-image\" data-id=\"7eeb88d\" data-element_type=\"widget\" data-e-type=\"widget\" data-widget_type=\"image.default\">\n\t\t\t\t<div class=\"elementor-widget-container\">\n\t\t\t\t\t\t\t\t\t\t\t\t\t\t\t<img fetchpriority=\"high\" decoding=\"async\" width=\"1305\" height=\"780\" src=\"https:\/\/promostoneindustry.ma\/wp-content\/uploads\/2025\/02\/sablage-1.png\" class=\"attachment-full size-full wp-image-9669\" alt=\"sablage marbre maroc\" srcset=\"https:\/\/promostoneindustry.ma\/wp-content\/uploads\/2025\/02\/sablage-1.png 1305w, https:\/\/promostoneindustry.ma\/wp-content\/uploads\/2025\/02\/sablage-1-300x179.png 300w, https:\/\/promostoneindustry.ma\/wp-content\/uploads\/2025\/02\/sablage-1-1024x612.png 1024w, https:\/\/promostoneindustry.ma\/wp-content\/uploads\/2025\/02\/sablage-1-768x459.png 768w, https:\/\/promostoneindustry.ma\/wp-content\/uploads\/2025\/02\/sablage-1-435x260.png 435w, https:\/\/promostoneindustry.ma\/wp-content\/uploads\/2025\/02\/sablage-1-720x430.png 720w\" sizes=\"(max-width: 1305px) 100vw, 1305px\" \/>\t\t\t\t\t\t\t\t\t\t\t\t\t\t\t<\/div>\n\t\t\t\t<\/div>\n\t\t\t\t<section class=\"elementor-section elementor-inner-section elementor-element elementor-element-0fe4c24 elementor-section-full_width elementor-section-height-default elementor-section-height-default\" data-id=\"0fe4c24\" data-element_type=\"section\" data-e-type=\"section\">\n\t\t\t\t\t\t<div class=\"elementor-container elementor-column-gap-default\">\n\t\t\t\t\t<div class=\"elementor-column elementor-col-33 elementor-inner-column elementor-element elementor-element-a5418fa ot-flex-column-vertical\" data-id=\"a5418fa\" data-element_type=\"column\" data-e-type=\"column\">\n\t\t\t<div class=\"elementor-widget-wrap elementor-element-populated\">\n\t\t\t\t\t\t<div class=\"elementor-element elementor-element-7ed9b7a elementor-widget elementor-widget-iprogress\" data-id=\"7ed9b7a\" data-element_type=\"widget\" data-e-type=\"widget\" data-widget_type=\"iprogress.default\">\n\t\t\t\t<div class=\"elementor-widget-container\">\n\t\t\t\t\t\r\n\t\t\t\t<div class=\"circle-progress tbottom\" data-color=\"#939393\" data-height=\"2\" data-size=\"165\">\r\n\t\t\t<div class=\"inner-bar\" data-percent=\"50\">\r\n\t\t\t\t<span>\r\n\t\t\t\t\t<span class=\"percent\">50<\/span>\t\t\t\t<\/span>\r\n\t\t\t<\/div>\r\n\t\t\t<h4>S\u00e9curit\u00e9<\/h4>\t\t<\/div>\r\n\t\t\r\n\t    \t\t\t\t<\/div>\n\t\t\t\t<\/div>\n\t\t\t\t<div class=\"elementor-element elementor-element-7208c55 elementor-widget elementor-widget-text-editor\" data-id=\"7208c55\" data-element_type=\"widget\" data-e-type=\"widget\" data-widget_type=\"text-editor.default\">\n\t\t\t\t<div class=\"elementor-widget-container\">\n\t\t\t\t\t\t\t\t\t<p>R\u00e9duit le risque de glissade, parfait pour les environnements humides.<\/p>\t\t\t\t\t\t\t\t<\/div>\n\t\t\t\t<\/div>\n\t\t\t\t\t<\/div>\n\t\t<\/div>\n\t\t\t\t<div class=\"elementor-column elementor-col-33 elementor-inner-column elementor-element elementor-element-3ecd306 ot-flex-column-vertical\" data-id=\"3ecd306\" data-element_type=\"column\" data-e-type=\"column\">\n\t\t\t<div class=\"elementor-widget-wrap elementor-element-populated\">\n\t\t\t\t\t\t<div class=\"elementor-element elementor-element-9a4e37a elementor-widget elementor-widget-iprogress\" data-id=\"9a4e37a\" data-element_type=\"widget\" data-e-type=\"widget\" data-widget_type=\"iprogress.default\">\n\t\t\t\t<div class=\"elementor-widget-container\">\n\t\t\t\t\t\r\n\t\t\t\t<div class=\"circle-progress tbottom\" data-color=\"#939393\" data-height=\"2\" data-size=\"165\">\r\n\t\t\t<div class=\"inner-bar\" data-percent=\"75\">\r\n\t\t\t\t<span>\r\n\t\t\t\t\t<span class=\"percent\">75<\/span>\t\t\t\t<\/span>\r\n\t\t\t<\/div>\r\n\t\t\t<h4>Esth\u00e9tique Personnalis\u00e9e<\/h4>\t\t<\/div>\r\n\t\t\r\n\t    \t\t\t\t<\/div>\n\t\t\t\t<\/div>\n\t\t\t\t<div class=\"elementor-element elementor-element-c5dc58c elementor-widget elementor-widget-text-editor\" data-id=\"c5dc58c\" data-element_type=\"widget\" data-e-type=\"widget\" data-widget_type=\"text-editor.default\">\n\t\t\t\t<div class=\"elementor-widget-container\">\n\t\t\t\t\t\t\t\t\t<p>Permet d&rsquo;obtenir un look personnalis\u00e9 qui peut \u00eatre adapt\u00e9 \u00e0 votre design int\u00e9rieur ou ext\u00e9rieur.<\/p>\t\t\t\t\t\t\t\t<\/div>\n\t\t\t\t<\/div>\n\t\t\t\t\t<\/div>\n\t\t<\/div>\n\t\t\t\t<div class=\"elementor-column elementor-col-33 elementor-inner-column elementor-element elementor-element-aa6947e ot-flex-column-vertical\" data-id=\"aa6947e\" data-element_type=\"column\" data-e-type=\"column\">\n\t\t\t<div class=\"elementor-widget-wrap elementor-element-populated\">\n\t\t\t\t\t\t<div class=\"elementor-element elementor-element-5d3c3c6 elementor-widget elementor-widget-iprogress\" data-id=\"5d3c3c6\" data-element_type=\"widget\" data-e-type=\"widget\" data-widget_type=\"iprogress.default\">\n\t\t\t\t<div class=\"elementor-widget-container\">\n\t\t\t\t\t\r\n\t\t\t\t<div class=\"circle-progress tbottom\" data-color=\"#939393\" data-height=\"2\" data-size=\"165\">\r\n\t\t\t<div class=\"inner-bar\" data-percent=\"85\">\r\n\t\t\t\t<span>\r\n\t\t\t\t\t<span class=\"percent\">85<\/span>\t\t\t\t<\/span>\r\n\t\t\t<\/div>\r\n\t\t\t<h4>Durabilit\u00e9<\/h4>\t\t<\/div>\r\n\t\t\r\n\t    \t\t\t\t<\/div>\n\t\t\t\t<\/div>\n\t\t\t\t<div class=\"elementor-element elementor-element-add9d8b elementor-widget elementor-widget-text-editor\" data-id=\"add9d8b\" data-element_type=\"widget\" data-e-type=\"widget\" data-widget_type=\"text-editor.default\">\n\t\t\t\t<div class=\"elementor-widget-container\">\n\t\t\t\t\t\t\t\t\t<p>Am\u00e9liore la long\u00e9vit\u00e9 du marbre en r\u00e9duisant l\u2019usure due \u00e0 l\u2019humidit\u00e9 et aux abrasifs.<\/p>\t\t\t\t\t\t\t\t<\/div>\n\t\t\t\t<\/div>\n\t\t\t\t\t<\/div>\n\t\t<\/div>\n\t\t\t\t\t<\/div>\n\t\t<\/section>\n\t\t\t\t\t<\/div>\n\t\t<\/div>\n\t\t\t\t\t<\/div>\n\t\t<\/section>\n\t\t\t\t<\/div>\n\t\t","protected":false},"excerpt":{"rendered":"<p>[ Ce Que Nous Offrons ] Sablage Le sablage est une m\u00e9thode de traitement de surface qui donne au marbre une finition rugueuse, augmentant son adh\u00e9rence et sa r\u00e9sistance. Ce processus est id\u00e9al pour les surfaces qui n\u00e9cessitent une traction suppl\u00e9mentaire, comme les douches ou les bords de piscine. 50 S\u00e9curit\u00e9 R\u00e9duit le risque de [&hellip;]<\/p>\n","protected":false},"author":1,"featured_media":0,"parent":0,"menu_order":0,"comment_status":"closed","ping_status":"closed","template":"","meta":{"om_disable_all_campaigns":false,"_monsterinsights_skip_tracking":false,"_monsterinsights_sitenote_active":false,"_monsterinsights_sitenote_note":"","_monsterinsights_sitenote_category":0,"footnotes":""},"class_list":["post-5217","page","type-page","status-publish","hentry"],"aioseo_notices":[],"jetpack_sharing_enabled":true,"_links":{"self":[{"href":"https:\/\/promostoneindustry.ma\/en\/wp-json\/wp\/v2\/pages\/5217","targetHints":{"allow":["GET"]}}],"collection":[{"href":"https:\/\/promostoneindustry.ma\/en\/wp-json\/wp\/v2\/pages"}],"about":[{"href":"https:\/\/promostoneindustry.ma\/en\/wp-json\/wp\/v2\/types\/page"}],"author":[{"embeddable":true,"href":"https:\/\/promostoneindustry.ma\/en\/wp-json\/wp\/v2\/users\/1"}],"replies":[{"embeddable":true,"href":"https:\/\/promostoneindustry.ma\/en\/wp-json\/wp\/v2\/comments?post=5217"}],"version-history":[{"count":26,"href":"https:\/\/promostoneindustry.ma\/en\/wp-json\/wp\/v2\/pages\/5217\/revisions"}],"predecessor-version":[{"id":14286,"href":"https:\/\/promostoneindustry.ma\/en\/wp-json\/wp\/v2\/pages\/5217\/revisions\/14286"}],"wp:attachment":[{"href":"https:\/\/promostoneindustry.ma\/en\/wp-json\/wp\/v2\/media?parent=5217"}],"curies":[{"name":"wp","href":"https:\/\/api.w.org\/{rel}","templated":true}]}}