{"id":2552,"date":"2020-05-15T11:09:51","date_gmt":"2020-05-15T11:09:51","guid":{"rendered":"http:\/\/localhost\/theratio\/?page_id=2552"},"modified":"2026-04-02T15:16:05","modified_gmt":"2026-04-02T15:16:05","slug":"importation-de-pierres-naturelles","status":"publish","type":"page","link":"https:\/\/promostoneindustry.ma\/en\/importation-de-pierres-naturelles\/","title":{"rendered":"Import of Natural Stones"},"content":{"rendered":"\t\t<div data-elementor-type=\"wp-page\" data-elementor-id=\"2552\" class=\"elementor elementor-2552\">\n\t\t\t\t\t\t<section class=\"elementor-section elementor-top-section elementor-element elementor-element-09bd17c elementor-section-boxed elementor-section-height-default elementor-section-height-default\" data-id=\"09bd17c\" data-element_type=\"section\" data-e-type=\"section\">\n\t\t\t\t\t\t<div class=\"elementor-container elementor-column-gap-extended\">\n\t\t\t\t\t<div class=\"elementor-column elementor-col-50 elementor-top-column elementor-element elementor-element-6fffd97 ot-flex-column-vertical\" data-id=\"6fffd97\" data-element_type=\"column\" data-e-type=\"column\">\n\t\t\t<div class=\"elementor-widget-wrap elementor-element-populated\">\n\t\t\t\t\t\t<div class=\"elementor-element elementor-element-a87a619 widget-area elementor-widget elementor-widget-sidebar\" data-id=\"a87a619\" data-element_type=\"widget\" data-e-type=\"widget\" data-widget_type=\"sidebar.default\">\n\t\t\t\t<div class=\"elementor-widget-container\">\n\t\t\t\t\t<section id=\"nav_menu-1\" class=\"widget widget_nav_menu\"><div class=\"menu-menu-service-container\"><ul id=\"menu-menu-service\" class=\"menu\"><li id=\"menu-item-2924\" class=\"menu-item menu-item-type-post_type menu-item-object-page menu-item-2924\"><a href=\"https:\/\/promostoneindustry.ma\/en\/exploitation-des-carrieres-et-extraction-des-blocs\/\">01.  Carri\u00e8res et Blocs<\/a><\/li>\n<li id=\"menu-item-5225\" class=\"menu-item menu-item-type-post_type menu-item-object-page menu-item-5225\"><a href=\"https:\/\/promostoneindustry.ma\/en\/sciage\/\">02. Sciage<\/a><\/li>\n<li id=\"menu-item-2929\" class=\"menu-item menu-item-type-post_type menu-item-object-page menu-item-2929\"><a href=\"https:\/\/promostoneindustry.ma\/en\/debitage-et-usinage\/\">03. D\u00e9bitage et Usinage<\/a><\/li>\n<li id=\"menu-item-2928\" class=\"menu-item menu-item-type-post_type menu-item-object-page menu-item-2928\"><a href=\"https:\/\/promostoneindustry.ma\/en\/traitement-de-surface\/\">04. Traitement de Surface et Polissage<\/a><\/li>\n<li id=\"menu-item-2927\" class=\"menu-item menu-item-type-post_type menu-item-object-page menu-item-2927\"><a href=\"https:\/\/promostoneindustry.ma\/en\/vieillissement\/\">05. Vieillissement<\/a><\/li>\n<li id=\"menu-item-5223\" class=\"menu-item menu-item-type-post_type menu-item-object-page menu-item-5223\"><a href=\"https:\/\/promostoneindustry.ma\/en\/sablage\/\">06. Sablage<\/a><\/li>\n<li id=\"menu-item-5224\" class=\"menu-item menu-item-type-post_type menu-item-object-page menu-item-5224\"><a href=\"https:\/\/promostoneindustry.ma\/en\/bouchardage\/\">07. Bouchardage<\/a><\/li>\n<li id=\"menu-item-2926\" class=\"menu-item menu-item-type-post_type menu-item-object-page menu-item-2926\"><a href=\"https:\/\/promostoneindustry.ma\/en\/atelier-de-finition\/\">08. Atelier de Finition<\/a><\/li>\n<li id=\"menu-item-2925\" class=\"menu-item menu-item-type-post_type menu-item-object-page menu-item-2925\"><a href=\"https:\/\/promostoneindustry.ma\/en\/importation-de-pierres-naturelles\/\">09.. Importation<\/a><\/li>\n<li id=\"menu-item-5161\" class=\"menu-item menu-item-type-post_type menu-item-object-page menu-item-5161\"><a href=\"https:\/\/promostoneindustry.ma\/en\/exportation-de-produits-locaux\/\">10. Exportation de Produits Locaux<\/a><\/li>\n<li id=\"menu-item-5179\" class=\"menu-item menu-item-type-post_type menu-item-object-page menu-item-5179\"><a href=\"https:\/\/promostoneindustry.ma\/en\/services-personnalises\/\">11. Services Personnalis\u00e9s<\/a><\/li>\n<\/ul><\/div><\/section>\t\t\t\t<\/div>\n\t\t\t\t<\/div>\n\t\t\t\t\t<\/div>\n\t\t<\/div>\n\t\t\t\t<div class=\"elementor-column elementor-col-50 elementor-top-column elementor-element elementor-element-d8ac723 ot-flex-column-vertical\" data-id=\"d8ac723\" data-element_type=\"column\" data-e-type=\"column\">\n\t\t\t<div class=\"elementor-widget-wrap elementor-element-populated\">\n\t\t\t\t\t\t<div class=\"elementor-element elementor-element-dd2eef5 elementor-widget elementor-widget-iheading\" data-id=\"dd2eef5\" data-element_type=\"widget\" data-e-type=\"widget\" data-widget_type=\"iheading.default\">\n\t\t\t\t<div class=\"elementor-widget-container\">\n\t\t\t\t\t\t\t<div class=\"ot-heading \">\r\n\t        <span>[ Ce Que Nous Offrons ]<\/span>\t        <h2 class=\"main-heading\">Importation de Pierres Naturelles<\/h2>\t    <\/div>\r\n\t    \t\t\t\t<\/div>\n\t\t\t\t<\/div>\n\t\t\t\t<div class=\"elementor-element elementor-element-8514cb0 elementor-widget elementor-widget-text-editor\" data-id=\"8514cb0\" data-element_type=\"widget\" data-e-type=\"widget\" data-widget_type=\"text-editor.default\">\n\t\t\t\t<div class=\"elementor-widget-container\">\n\t\t\t\t\t\t\t\t\t<p>PROMOSTONE INDUSTRY importe une s\u00e9lection exclusive de marbres et de granits issus des meilleurs producteurs mondiaux. Nos mat\u00e9riaux proviennent de pays reconnus pour leur qualit\u00e9, tels que l&rsquo;Italie, l&rsquo;Espagne, et la Turquie, garantissant \u00e0 nos clients des options de premier choix.<\/p>\t\t\t\t\t\t\t\t<\/div>\n\t\t\t\t<\/div>\n\t\t\t\t<div class=\"elementor-element elementor-element-13d1589 elementor-widget elementor-widget-theratio-image-carousel\" data-id=\"13d1589\" data-element_type=\"widget\" data-e-type=\"widget\" data-widget_type=\"theratio-image-carousel.default\">\n\t\t\t\t<div class=\"elementor-widget-container\">\n\t\t\t\t\t\r\n\t\t<div class=\"image-carousel swiper swiper-container\" data-slider_options=\"{&quot;slides_show_desktop&quot;:2,&quot;slides_show_tablet&quot;:2,&quot;slides_show_mobile&quot;:2,&quot;slides_scroll_desktop&quot;:1,&quot;slides_scroll_tablet&quot;:1,&quot;slides_scroll_mobile&quot;:1,&quot;margin_desktop&quot;:30,&quot;margin_tablet&quot;:30,&quot;margin_mobile&quot;:30,&quot;arrows&quot;:true,&quot;dots&quot;:false}\"  data-item-slider=\"ot_slider_13d1589\">\t\t\t\r\n\t\t\t<div class=\"swiper-wrapper\">\r\n\t\t        <div class=\"swiper-slide\"><div class=\"img-item\"><figure><img decoding=\"async\" src=\"https:\/\/promostoneindustry.ma\/wp-content\/uploads\/2025\/08\/Importation-de-Marbre-Promostone-industry-3.jpg?v=1755083759\" alt=\"\"><\/figure><\/div><\/div><div class=\"swiper-slide\"><div class=\"img-item\"><figure><img decoding=\"async\" src=\"https:\/\/promostoneindustry.ma\/wp-content\/uploads\/2025\/08\/Importation-de-Marbre-Promostone-industry-1.jpg?v=1755083800\" alt=\"\"><\/figure><\/div><\/div><div class=\"swiper-slide\"><div class=\"img-item\"><figure><img decoding=\"async\" src=\"https:\/\/promostoneindustry.ma\/wp-content\/uploads\/2025\/08\/Importation-de-Marbre-Promostone-industry-2.jpg?v=1755083744\" alt=\"\"><\/figure><\/div><\/div><div class=\"swiper-slide\"><div class=\"img-item\"><figure><img decoding=\"async\" src=\"https:\/\/promostoneindustry.ma\/wp-content\/uploads\/2025\/08\/Importation-de-Marbre-Promostone-industry-5.jpg?v=1755083141\" alt=\"\"><\/figure><\/div><\/div><div class=\"swiper-slide\"><div class=\"img-item\"><figure><img decoding=\"async\" src=\"https:\/\/promostoneindustry.ma\/wp-content\/uploads\/2025\/08\/Importation-de-Marbre-Promostone-industry-4.jpg?v=1755083777\" alt=\"\"><\/figure><\/div><\/div>\t\t    <\/div>\r\n\r\n\t\t\t\t\t\t\t\t\t<!-- Add Arrows -->\r\n\t\t\t<div class=\"octf-swiper-button-next\" data-slider=\"ot_slider_13d1589\"><i class=\"ot-flaticon-right-arrow\"><\/i><\/div>\r\n\t\t\t<div class=\"octf-swiper-button-prev\" data-slider=\"ot_slider_13d1589\"><i class=\"ot-flaticon-left-arrow\"><\/i><\/div>\r\n\t\t\t\t    <\/div>\r\n\t\t\t\t\t\t<\/div>\n\t\t\t\t<\/div>\n\t\t\t\t<div class=\"elementor-element elementor-element-4a6d0bb elementor-widget elementor-widget-text-editor\" data-id=\"4a6d0bb\" data-element_type=\"widget\" data-e-type=\"widget\" data-widget_type=\"text-editor.default\">\n\t\t\t\t<div class=\"elementor-widget-container\">\n\t\t\t\t\t\t\t\t\t<p>Nous mettons un point d&rsquo;honneur \u00e0 offrir des pierres naturelles soigneusement s\u00e9lectionn\u00e9es, r\u00e9pondant aux crit\u00e8res les plus \u00e9lev\u00e9s en termes d&rsquo;esth\u00e9tique et de durabilit\u00e9. Cette d\u00e9marche permet \u00e0 PROMOSTONE INDUSTRY de proposer des solutions diversifi\u00e9es et adapt\u00e9es aux exigences de chaque projet, tout en assurant une qualit\u00e9 irr\u00e9prochable.<\/p>\t\t\t\t\t\t\t\t<\/div>\n\t\t\t\t<\/div>\n\t\t\t\t<div class=\"elementor-element elementor-element-8b32a5a elementor-widget elementor-widget-image\" data-id=\"8b32a5a\" data-element_type=\"widget\" data-e-type=\"widget\" data-widget_type=\"image.default\">\n\t\t\t\t<div class=\"elementor-widget-container\">\n\t\t\t\t\t\t\t\t\t\t\t\t\t\t\t<img fetchpriority=\"high\" decoding=\"async\" width=\"870\" height=\"520\" src=\"https:\/\/promostoneindustry.ma\/wp-content\/uploads\/2025\/08\/Importation-Marbre-2.jpg?v=1755083934\" class=\"attachment-full size-full wp-image-11904\" alt=\"importation marbre maroc\" srcset=\"https:\/\/promostoneindustry.ma\/wp-content\/uploads\/2025\/08\/Importation-Marbre-2.jpg?v=1755083934 870w, https:\/\/promostoneindustry.ma\/wp-content\/uploads\/2025\/08\/Importation-Marbre-2-300x179.jpg?v=1755083934 300w, https:\/\/promostoneindustry.ma\/wp-content\/uploads\/2025\/08\/Importation-Marbre-2-768x459.jpg?v=1755083934 768w, https:\/\/promostoneindustry.ma\/wp-content\/uploads\/2025\/08\/Importation-Marbre-2-435x260.jpg?v=1755083934 435w, https:\/\/promostoneindustry.ma\/wp-content\/uploads\/2025\/08\/Importation-Marbre-2-720x430.jpg?v=1755083934 720w\" sizes=\"(max-width: 870px) 100vw, 870px\" \/>\t\t\t\t\t\t\t\t\t\t\t\t\t\t\t<\/div>\n\t\t\t\t<\/div>\n\t\t\t\t<section class=\"elementor-section elementor-inner-section elementor-element elementor-element-7805777 elementor-section-full_width elementor-section-height-default elementor-section-height-default\" data-id=\"7805777\" data-element_type=\"section\" data-e-type=\"section\">\n\t\t\t\t\t\t<div class=\"elementor-container elementor-column-gap-default\">\n\t\t\t\t\t<div class=\"elementor-column elementor-col-33 elementor-inner-column elementor-element elementor-element-b0d2f28 ot-flex-column-vertical\" data-id=\"b0d2f28\" data-element_type=\"column\" data-e-type=\"column\">\n\t\t\t<div class=\"elementor-widget-wrap elementor-element-populated\">\n\t\t\t\t\t\t<div class=\"elementor-element elementor-element-75b0337 elementor-widget elementor-widget-iprogress\" data-id=\"75b0337\" data-element_type=\"widget\" data-e-type=\"widget\" data-widget_type=\"iprogress.default\">\n\t\t\t\t<div class=\"elementor-widget-container\">\n\t\t\t\t\t\r\n\t\t\t\t<div class=\"circle-progress tbottom\" data-color=\"#939393\" data-height=\"2\" data-size=\"165\">\r\n\t\t\t<div class=\"inner-bar\" data-percent=\"100\">\r\n\t\t\t\t<span>\r\n\t\t\t\t\t<span class=\"percent\">100<\/span>\t\t\t\t<\/span>\r\n\t\t\t<\/div>\r\n\t\t\t<h4>S\u00e9lection Rigoureuse des Mat\u00e9riaux<\/h4>\t\t<\/div>\r\n\t\t\r\n\t    \t\t\t\t<\/div>\n\t\t\t\t<\/div>\n\t\t\t\t<div class=\"elementor-element elementor-element-f3a53a6 elementor-widget elementor-widget-text-editor\" data-id=\"f3a53a6\" data-element_type=\"widget\" data-e-type=\"widget\" data-widget_type=\"text-editor.default\">\n\t\t\t\t<div class=\"elementor-widget-container\">\n\t\t\t\t\t\t\t\t\t<p>Un processus de s\u00e9lection strict pour garantir des pierres r\u00e9pondant aux standards internationaux de qualit\u00e9.<\/p>\t\t\t\t\t\t\t\t<\/div>\n\t\t\t\t<\/div>\n\t\t\t\t\t<\/div>\n\t\t<\/div>\n\t\t\t\t<div class=\"elementor-column elementor-col-33 elementor-inner-column elementor-element elementor-element-ebb32ed ot-flex-column-vertical\" data-id=\"ebb32ed\" data-element_type=\"column\" data-e-type=\"column\">\n\t\t\t<div class=\"elementor-widget-wrap elementor-element-populated\">\n\t\t\t\t\t\t<div class=\"elementor-element elementor-element-b126e15 elementor-widget elementor-widget-iprogress\" data-id=\"b126e15\" data-element_type=\"widget\" data-e-type=\"widget\" data-widget_type=\"iprogress.default\">\n\t\t\t\t<div class=\"elementor-widget-container\">\n\t\t\t\t\t\r\n\t\t\t\t<div class=\"circle-progress tbottom\" data-color=\"#939393\" data-height=\"2\" data-size=\"165\">\r\n\t\t\t<div class=\"inner-bar\" data-percent=\"100\">\r\n\t\t\t\t<span>\r\n\t\t\t\t\t<span class=\"percent\">100<\/span>\t\t\t\t<\/span>\r\n\t\t\t<\/div>\r\n\t\t\t<h4>R\u00e9seau International de Partenaires<\/h4>\t\t<\/div>\r\n\t\t\r\n\t    \t\t\t\t<\/div>\n\t\t\t\t<\/div>\n\t\t\t\t<div class=\"elementor-element elementor-element-5d46d80 elementor-widget elementor-widget-text-editor\" data-id=\"5d46d80\" data-element_type=\"widget\" data-e-type=\"widget\" data-widget_type=\"text-editor.default\">\n\t\t\t\t<div class=\"elementor-widget-container\">\n\t\t\t\t\t\t\t\t\t<p>Un acc\u00e8s aux meilleures carri\u00e8res et producteurs \u00e0 travers le monde, offrant une vari\u00e9t\u00e9 de pierres de haute qualit\u00e9.t<\/p>\t\t\t\t\t\t\t\t<\/div>\n\t\t\t\t<\/div>\n\t\t\t\t\t<\/div>\n\t\t<\/div>\n\t\t\t\t<div class=\"elementor-column elementor-col-33 elementor-inner-column elementor-element elementor-element-1d4bc9e ot-flex-column-vertical\" data-id=\"1d4bc9e\" data-element_type=\"column\" data-e-type=\"column\">\n\t\t\t<div class=\"elementor-widget-wrap elementor-element-populated\">\n\t\t\t\t\t\t<div class=\"elementor-element elementor-element-9330cfa elementor-widget elementor-widget-iprogress\" data-id=\"9330cfa\" data-element_type=\"widget\" data-e-type=\"widget\" data-widget_type=\"iprogress.default\">\n\t\t\t\t<div class=\"elementor-widget-container\">\n\t\t\t\t\t\r\n\t\t\t\t<div class=\"circle-progress tbottom\" data-color=\"#939393\" data-height=\"2\" data-size=\"165\">\r\n\t\t\t<div class=\"inner-bar\" data-percent=\"100\">\r\n\t\t\t\t<span>\r\n\t\t\t\t\t<span class=\"percent\">100<\/span>\t\t\t\t<\/span>\r\n\t\t\t<\/div>\r\n\t\t\t<h4>Assurance de Durabilit\u00e9<\/h4>\t\t<\/div>\r\n\t\t\r\n\t    \t\t\t\t<\/div>\n\t\t\t\t<\/div>\n\t\t\t\t<div class=\"elementor-element elementor-element-1be2772 elementor-widget elementor-widget-text-editor\" data-id=\"1be2772\" data-element_type=\"widget\" data-e-type=\"widget\" data-widget_type=\"text-editor.default\">\n\t\t\t\t<div class=\"elementor-widget-container\">\n\t\t\t\t\t\t\t\t\t<p>Des mat\u00e9riaux choisis pour leur r\u00e9sistance et leur esth\u00e9tique, afin de garantir la long\u00e9vit\u00e9 de chaque projet.<\/p>\t\t\t\t\t\t\t\t<\/div>\n\t\t\t\t<\/div>\n\t\t\t\t\t<\/div>\n\t\t<\/div>\n\t\t\t\t\t<\/div>\n\t\t<\/section>\n\t\t\t\t\t<\/div>\n\t\t<\/div>\n\t\t\t\t\t<\/div>\n\t\t<\/section>\n\t\t\t\t<\/div>\n\t\t","protected":false},"excerpt":{"rendered":"<p>[ Ce Que Nous Offrons ] Importation de Pierres Naturelles PROMOSTONE INDUSTRY importe une s\u00e9lection exclusive de marbres et de granits issus des meilleurs producteurs mondiaux. Nos mat\u00e9riaux proviennent de pays reconnus pour leur qualit\u00e9, tels que l&rsquo;Italie, l&rsquo;Espagne, et la Turquie, garantissant \u00e0 nos clients des options de premier choix. Nous mettons un point [&hellip;]<\/p>\n","protected":false},"author":1,"featured_media":0,"parent":0,"menu_order":0,"comment_status":"closed","ping_status":"closed","template":"","meta":{"om_disable_all_campaigns":false,"_monsterinsights_skip_tracking":false,"_monsterinsights_sitenote_active":false,"_monsterinsights_sitenote_note":"","_monsterinsights_sitenote_category":0,"footnotes":""},"class_list":["post-2552","page","type-page","status-publish","hentry"],"aioseo_notices":[],"jetpack_sharing_enabled":true,"_links":{"self":[{"href":"https:\/\/promostoneindustry.ma\/en\/wp-json\/wp\/v2\/pages\/2552","targetHints":{"allow":["GET"]}}],"collection":[{"href":"https:\/\/promostoneindustry.ma\/en\/wp-json\/wp\/v2\/pages"}],"about":[{"href":"https:\/\/promostoneindustry.ma\/en\/wp-json\/wp\/v2\/types\/page"}],"author":[{"embeddable":true,"href":"https:\/\/promostoneindustry.ma\/en\/wp-json\/wp\/v2\/users\/1"}],"replies":[{"embeddable":true,"href":"https:\/\/promostoneindustry.ma\/en\/wp-json\/wp\/v2\/comments?post=2552"}],"version-history":[{"count":30,"href":"https:\/\/promostoneindustry.ma\/en\/wp-json\/wp\/v2\/pages\/2552\/revisions"}],"predecessor-version":[{"id":14297,"href":"https:\/\/promostoneindustry.ma\/en\/wp-json\/wp\/v2\/pages\/2552\/revisions\/14297"}],"wp:attachment":[{"href":"https:\/\/promostoneindustry.ma\/en\/wp-json\/wp\/v2\/media?parent=2552"}],"curies":[{"name":"wp","href":"https:\/\/api.w.org\/{rel}","templated":true}]}}