{"id":2549,"date":"2020-05-15T11:08:03","date_gmt":"2020-05-15T11:08:03","guid":{"rendered":"http:\/\/localhost\/theratio\/?page_id=2549"},"modified":"2026-04-02T15:20:30","modified_gmt":"2026-04-02T15:20:30","slug":"atelier-de-finition","status":"publish","type":"page","link":"https:\/\/promostoneindustry.ma\/en\/atelier-de-finition\/","title":{"rendered":"Finishing Workshop"},"content":{"rendered":"\t\t<div data-elementor-type=\"wp-page\" data-elementor-id=\"2549\" class=\"elementor elementor-2549\">\n\t\t\t\t\t\t<section class=\"elementor-section elementor-top-section elementor-element elementor-element-23f84cc elementor-section-boxed elementor-section-height-default elementor-section-height-default\" data-id=\"23f84cc\" data-element_type=\"section\" data-e-type=\"section\">\n\t\t\t\t\t\t<div class=\"elementor-container elementor-column-gap-extended\">\n\t\t\t\t\t<div class=\"elementor-column elementor-col-50 elementor-top-column elementor-element elementor-element-a4f435d ot-flex-column-vertical\" data-id=\"a4f435d\" data-element_type=\"column\" data-e-type=\"column\">\n\t\t\t<div class=\"elementor-widget-wrap elementor-element-populated\">\n\t\t\t\t\t\t<div class=\"elementor-element elementor-element-3f1b357 widget-area elementor-widget elementor-widget-sidebar\" data-id=\"3f1b357\" data-element_type=\"widget\" data-e-type=\"widget\" data-widget_type=\"sidebar.default\">\n\t\t\t\t<div class=\"elementor-widget-container\">\n\t\t\t\t\t<section id=\"nav_menu-1\" class=\"widget widget_nav_menu\"><div class=\"menu-menu-service-container\"><ul id=\"menu-menu-service\" class=\"menu\"><li id=\"menu-item-2924\" class=\"menu-item menu-item-type-post_type menu-item-object-page menu-item-2924\"><a href=\"https:\/\/promostoneindustry.ma\/en\/exploitation-des-carrieres-et-extraction-des-blocs\/\">01.  Carri\u00e8res et Blocs<\/a><\/li>\n<li id=\"menu-item-5225\" class=\"menu-item menu-item-type-post_type menu-item-object-page menu-item-5225\"><a href=\"https:\/\/promostoneindustry.ma\/en\/sciage\/\">02. Sciage<\/a><\/li>\n<li id=\"menu-item-2929\" class=\"menu-item menu-item-type-post_type menu-item-object-page menu-item-2929\"><a href=\"https:\/\/promostoneindustry.ma\/en\/debitage-et-usinage\/\">03. D\u00e9bitage et Usinage<\/a><\/li>\n<li id=\"menu-item-2928\" class=\"menu-item menu-item-type-post_type menu-item-object-page menu-item-2928\"><a href=\"https:\/\/promostoneindustry.ma\/en\/traitement-de-surface\/\">04. Traitement de Surface et Polissage<\/a><\/li>\n<li id=\"menu-item-2927\" class=\"menu-item menu-item-type-post_type menu-item-object-page menu-item-2927\"><a href=\"https:\/\/promostoneindustry.ma\/en\/vieillissement\/\">05. Vieillissement<\/a><\/li>\n<li id=\"menu-item-5223\" class=\"menu-item menu-item-type-post_type menu-item-object-page menu-item-5223\"><a href=\"https:\/\/promostoneindustry.ma\/en\/sablage\/\">06. Sablage<\/a><\/li>\n<li id=\"menu-item-5224\" class=\"menu-item menu-item-type-post_type menu-item-object-page menu-item-5224\"><a href=\"https:\/\/promostoneindustry.ma\/en\/bouchardage\/\">07. Bouchardage<\/a><\/li>\n<li id=\"menu-item-2926\" class=\"menu-item menu-item-type-post_type menu-item-object-page menu-item-2926\"><a href=\"https:\/\/promostoneindustry.ma\/en\/atelier-de-finition\/\">08. Atelier de Finition<\/a><\/li>\n<li id=\"menu-item-2925\" class=\"menu-item menu-item-type-post_type menu-item-object-page menu-item-2925\"><a href=\"https:\/\/promostoneindustry.ma\/en\/importation-de-pierres-naturelles\/\">09.. Importation<\/a><\/li>\n<li id=\"menu-item-5161\" class=\"menu-item menu-item-type-post_type menu-item-object-page menu-item-5161\"><a href=\"https:\/\/promostoneindustry.ma\/en\/exportation-de-produits-locaux\/\">10. Exportation de Produits Locaux<\/a><\/li>\n<li id=\"menu-item-5179\" class=\"menu-item menu-item-type-post_type menu-item-object-page menu-item-5179\"><a href=\"https:\/\/promostoneindustry.ma\/en\/services-personnalises\/\">11. Services Personnalis\u00e9s<\/a><\/li>\n<\/ul><\/div><\/section>\t\t\t\t<\/div>\n\t\t\t\t<\/div>\n\t\t\t\t\t<\/div>\n\t\t<\/div>\n\t\t\t\t<div class=\"elementor-column elementor-col-50 elementor-top-column elementor-element elementor-element-e58c18f ot-flex-column-vertical\" data-id=\"e58c18f\" data-element_type=\"column\" data-e-type=\"column\">\n\t\t\t<div class=\"elementor-widget-wrap elementor-element-populated\">\n\t\t\t\t\t\t<div class=\"elementor-element elementor-element-deb5a60 elementor-widget elementor-widget-iheading\" data-id=\"deb5a60\" data-element_type=\"widget\" data-e-type=\"widget\" data-widget_type=\"iheading.default\">\n\t\t\t\t<div class=\"elementor-widget-container\">\n\t\t\t\t\t\t\t<div class=\"ot-heading \">\r\n\t        <span>[ Ce Que Nous Offrons ]<\/span>\t        <h2 class=\"main-heading\">Atelier de Finition Manuelle<\/h2>\t    <\/div>\r\n\t    \t\t\t\t<\/div>\n\t\t\t\t<\/div>\n\t\t\t\t<div class=\"elementor-element elementor-element-a582f33 elementor-widget elementor-widget-text-editor\" data-id=\"a582f33\" data-element_type=\"widget\" data-e-type=\"widget\" data-widget_type=\"text-editor.default\">\n\t\t\t\t<div class=\"elementor-widget-container\">\n\t\t\t\t\t\t\t\t\t<p>Notre atelier de finition manuelle combine le savoir-faire traditionnel et les techniques modernes pour donner une touche d&rsquo;authenticit\u00e9 \u00e0 chaque pi\u00e8ce. Nous r\u00e9alisons des finitions personnalis\u00e9es, en accord avec les sp\u00e9cifications esth\u00e9tiques et techniques de chaque projet.<\/p>\t\t\t\t\t\t\t\t<\/div>\n\t\t\t\t<\/div>\n\t\t\t\t<div class=\"elementor-element elementor-element-bd92218 elementor-widget elementor-widget-theratio-image-carousel\" data-id=\"bd92218\" data-element_type=\"widget\" data-e-type=\"widget\" data-widget_type=\"theratio-image-carousel.default\">\n\t\t\t\t<div class=\"elementor-widget-container\">\n\t\t\t\t\t\r\n\t\t<div class=\"image-carousel swiper swiper-container\" data-slider_options=\"{&quot;slides_show_desktop&quot;:2,&quot;slides_show_tablet&quot;:2,&quot;slides_show_mobile&quot;:2,&quot;slides_scroll_desktop&quot;:1,&quot;slides_scroll_tablet&quot;:1,&quot;slides_scroll_mobile&quot;:1,&quot;margin_desktop&quot;:30,&quot;margin_tablet&quot;:30,&quot;margin_mobile&quot;:30,&quot;arrows&quot;:true,&quot;dots&quot;:false}\"  data-item-slider=\"ot_slider_bd92218\">\t\t\t\r\n\t\t\t<div class=\"swiper-wrapper\">\r\n\t\t        <div class=\"swiper-slide\"><div class=\"img-item\"><figure><img decoding=\"async\" src=\"https:\/\/promostoneindustry.ma\/wp-content\/uploads\/2025\/02\/Atelier-de-Finition-Manuelle.jpg\" alt=\"\"><\/figure><\/div><\/div><div class=\"swiper-slide\"><div class=\"img-item\"><figure><img decoding=\"async\" src=\"https:\/\/promostoneindustry.ma\/wp-content\/uploads\/2025\/02\/Vieillissement-1-1.png\" alt=\"\"><\/figure><\/div><\/div>\t\t    <\/div>\r\n\r\n\t\t\t\t\t\t\t\t\t<!-- Add Arrows -->\r\n\t\t\t<div class=\"octf-swiper-button-next\" data-slider=\"ot_slider_bd92218\"><i class=\"ot-flaticon-right-arrow\"><\/i><\/div>\r\n\t\t\t<div class=\"octf-swiper-button-prev\" data-slider=\"ot_slider_bd92218\"><i class=\"ot-flaticon-left-arrow\"><\/i><\/div>\r\n\t\t\t\t    <\/div>\r\n\t\t\t\t\t\t<\/div>\n\t\t\t\t<\/div>\n\t\t\t\t<div class=\"elementor-element elementor-element-19b3a60 elementor-widget elementor-widget-text-editor\" data-id=\"19b3a60\" data-element_type=\"widget\" data-e-type=\"widget\" data-widget_type=\"text-editor.default\">\n\t\t\t\t<div class=\"elementor-widget-container\">\n\t\t\t\t\t\t\t\t\t<p>Nos artisans hautement qualifi\u00e9s assurent une pr\u00e9cision exceptionnelle dans chaque d\u00e9tail, permettant de r\u00e9pondre aux demandes uniques et de sublimer le caract\u00e8re naturel de la pierre. Ce travail artisanal garantit des pi\u00e8ces uniques qui rehaussent la qualit\u00e9 et l\u2019\u00e9l\u00e9gance de tout espace.<\/p>\t\t\t\t\t\t\t\t<\/div>\n\t\t\t\t<\/div>\n\t\t\t\t<div class=\"elementor-element elementor-element-d67676e elementor-widget elementor-widget-image\" data-id=\"d67676e\" data-element_type=\"widget\" data-e-type=\"widget\" data-widget_type=\"image.default\">\n\t\t\t\t<div class=\"elementor-widget-container\">\n\t\t\t\t\t\t\t\t\t\t\t\t\t\t\t<img fetchpriority=\"high\" decoding=\"async\" width=\"870\" height=\"520\" src=\"https:\/\/promostoneindustry.ma\/wp-content\/uploads\/2025\/02\/Design-sans-titre-3.png\" class=\"attachment-full size-full wp-image-10879\" alt=\"\" srcset=\"https:\/\/promostoneindustry.ma\/wp-content\/uploads\/2025\/02\/Design-sans-titre-3.png 870w, https:\/\/promostoneindustry.ma\/wp-content\/uploads\/2025\/02\/Design-sans-titre-3-300x179.png 300w, https:\/\/promostoneindustry.ma\/wp-content\/uploads\/2025\/02\/Design-sans-titre-3-768x459.png 768w, https:\/\/promostoneindustry.ma\/wp-content\/uploads\/2025\/02\/Design-sans-titre-3-435x260.png 435w, https:\/\/promostoneindustry.ma\/wp-content\/uploads\/2025\/02\/Design-sans-titre-3-720x430.png 720w\" sizes=\"(max-width: 870px) 100vw, 870px\" \/>\t\t\t\t\t\t\t\t\t\t\t\t\t\t\t<\/div>\n\t\t\t\t<\/div>\n\t\t\t\t<section class=\"elementor-section elementor-inner-section elementor-element elementor-element-d804ee2 elementor-section-full_width elementor-section-height-default elementor-section-height-default\" data-id=\"d804ee2\" data-element_type=\"section\" data-e-type=\"section\">\n\t\t\t\t\t\t<div class=\"elementor-container elementor-column-gap-default\">\n\t\t\t\t\t<div class=\"elementor-column elementor-col-33 elementor-inner-column elementor-element elementor-element-b35a897 ot-flex-column-vertical\" data-id=\"b35a897\" data-element_type=\"column\" data-e-type=\"column\">\n\t\t\t<div class=\"elementor-widget-wrap elementor-element-populated\">\n\t\t\t\t\t\t<div class=\"elementor-element elementor-element-82c839d elementor-widget elementor-widget-iprogress\" data-id=\"82c839d\" data-element_type=\"widget\" data-e-type=\"widget\" data-widget_type=\"iprogress.default\">\n\t\t\t\t<div class=\"elementor-widget-container\">\n\t\t\t\t\t\r\n\t\t\t\t<div class=\"circle-progress tbottom\" data-color=\"#939393\" data-height=\"2\" data-size=\"165\">\r\n\t\t\t<div class=\"inner-bar\" data-percent=\"100\">\r\n\t\t\t\t<span>\r\n\t\t\t\t\t<span class=\"percent\">100<\/span>\t\t\t\t<\/span>\r\n\t\t\t<\/div>\r\n\t\t\t<h4>Authenticit\u00e9 et Savoir-Faire\n<\/h4>\t\t<\/div>\r\n\t\t\r\n\t    \t\t\t\t<\/div>\n\t\t\t\t<\/div>\n\t\t\t\t<div class=\"elementor-element elementor-element-422ec2e elementor-widget elementor-widget-text-editor\" data-id=\"422ec2e\" data-element_type=\"widget\" data-e-type=\"widget\" data-widget_type=\"text-editor.default\">\n\t\t\t\t<div class=\"elementor-widget-container\">\n\t\t\t\t\t\t\t\t\t<p>Profitez d&rsquo;une finition r\u00e9alis\u00e9e par des artisans passionn\u00e9s, mettant en valeur le caract\u00e8re unique de chaque pi\u00e8ce.<\/p>\t\t\t\t\t\t\t\t<\/div>\n\t\t\t\t<\/div>\n\t\t\t\t\t<\/div>\n\t\t<\/div>\n\t\t\t\t<div class=\"elementor-column elementor-col-33 elementor-inner-column elementor-element elementor-element-666ad74 ot-flex-column-vertical\" data-id=\"666ad74\" data-element_type=\"column\" data-e-type=\"column\">\n\t\t\t<div class=\"elementor-widget-wrap elementor-element-populated\">\n\t\t\t\t\t\t<div class=\"elementor-element elementor-element-f9fb5fb elementor-widget elementor-widget-iprogress\" data-id=\"f9fb5fb\" data-element_type=\"widget\" data-e-type=\"widget\" data-widget_type=\"iprogress.default\">\n\t\t\t\t<div class=\"elementor-widget-container\">\n\t\t\t\t\t\r\n\t\t\t\t<div class=\"circle-progress tbottom\" data-color=\"#939393\" data-height=\"2\" data-size=\"165\">\r\n\t\t\t<div class=\"inner-bar\" data-percent=\"100\">\r\n\t\t\t\t<span>\r\n\t\t\t\t\t<span class=\"percent\">100<\/span>\t\t\t\t<\/span>\r\n\t\t\t<\/div>\r\n\t\t\t<h4>Pr\u00e9cision Personnalis\u00e9e<\/h4>\t\t<\/div>\r\n\t\t\r\n\t    \t\t\t\t<\/div>\n\t\t\t\t<\/div>\n\t\t\t\t<div class=\"elementor-element elementor-element-e332f8f elementor-widget elementor-widget-text-editor\" data-id=\"e332f8f\" data-element_type=\"widget\" data-e-type=\"widget\" data-widget_type=\"text-editor.default\">\n\t\t\t\t<div class=\"elementor-widget-container\">\n\t\t\t\t\t\t\t\t\t<p>Des finitions adapt\u00e9es aux besoins sp\u00e9cifiques, assurant un r\u00e9sultat en parfaite ad\u00e9quation avec votre projet.<\/p>\t\t\t\t\t\t\t\t<\/div>\n\t\t\t\t<\/div>\n\t\t\t\t\t<\/div>\n\t\t<\/div>\n\t\t\t\t<div class=\"elementor-column elementor-col-33 elementor-inner-column elementor-element elementor-element-b7ffd55 ot-flex-column-vertical\" data-id=\"b7ffd55\" data-element_type=\"column\" data-e-type=\"column\">\n\t\t\t<div class=\"elementor-widget-wrap elementor-element-populated\">\n\t\t\t\t\t\t<div class=\"elementor-element elementor-element-a168c7e elementor-widget elementor-widget-iprogress\" data-id=\"a168c7e\" data-element_type=\"widget\" data-e-type=\"widget\" data-widget_type=\"iprogress.default\">\n\t\t\t\t<div class=\"elementor-widget-container\">\n\t\t\t\t\t\r\n\t\t\t\t<div class=\"circle-progress tbottom\" data-color=\"#939393\" data-height=\"2\" data-size=\"165\">\r\n\t\t\t<div class=\"inner-bar\" data-percent=\"100\">\r\n\t\t\t\t<span>\r\n\t\t\t\t\t<span class=\"percent\">100<\/span>\t\t\t\t<\/span>\r\n\t\t\t<\/div>\r\n\t\t\t<h4>Esth\u00e9tique Unique<\/h4>\t\t<\/div>\r\n\t\t\r\n\t    \t\t\t\t<\/div>\n\t\t\t\t<\/div>\n\t\t\t\t<div class=\"elementor-element elementor-element-7cc7cad elementor-widget elementor-widget-text-editor\" data-id=\"7cc7cad\" data-element_type=\"widget\" data-e-type=\"widget\" data-widget_type=\"text-editor.default\">\n\t\t\t\t<div class=\"elementor-widget-container\">\n\t\t\t\t\t\t\t\t\t<p>Chaque pierre est fa\u00e7onn\u00e9e pour r\u00e9v\u00e9ler toute sa beaut\u00e9 naturelle, offrant un rendu exclusif et intemporel.<\/p>\t\t\t\t\t\t\t\t<\/div>\n\t\t\t\t<\/div>\n\t\t\t\t\t<\/div>\n\t\t<\/div>\n\t\t\t\t\t<\/div>\n\t\t<\/section>\n\t\t\t\t\t<\/div>\n\t\t<\/div>\n\t\t\t\t\t<\/div>\n\t\t<\/section>\n\t\t\t\t<\/div>\n\t\t","protected":false},"excerpt":{"rendered":"<p>[ Ce Que Nous Offrons ] Atelier de Finition Manuelle Notre atelier de finition manuelle combine le savoir-faire traditionnel et les techniques modernes pour donner une touche d&rsquo;authenticit\u00e9 \u00e0 chaque pi\u00e8ce. Nous r\u00e9alisons des finitions personnalis\u00e9es, en accord avec les sp\u00e9cifications esth\u00e9tiques et techniques de chaque projet. Nos artisans hautement qualifi\u00e9s assurent une pr\u00e9cision exceptionnelle [&hellip;]<\/p>\n","protected":false},"author":1,"featured_media":0,"parent":0,"menu_order":0,"comment_status":"closed","ping_status":"closed","template":"","meta":{"om_disable_all_campaigns":false,"_monsterinsights_skip_tracking":false,"_monsterinsights_sitenote_active":false,"_monsterinsights_sitenote_note":"","_monsterinsights_sitenote_category":0,"footnotes":""},"class_list":["post-2549","page","type-page","status-publish","hentry"],"aioseo_notices":[],"jetpack_sharing_enabled":true,"_links":{"self":[{"href":"https:\/\/promostoneindustry.ma\/en\/wp-json\/wp\/v2\/pages\/2549","targetHints":{"allow":["GET"]}}],"collection":[{"href":"https:\/\/promostoneindustry.ma\/en\/wp-json\/wp\/v2\/pages"}],"about":[{"href":"https:\/\/promostoneindustry.ma\/en\/wp-json\/wp\/v2\/types\/page"}],"author":[{"embeddable":true,"href":"https:\/\/promostoneindustry.ma\/en\/wp-json\/wp\/v2\/users\/1"}],"replies":[{"embeddable":true,"href":"https:\/\/promostoneindustry.ma\/en\/wp-json\/wp\/v2\/comments?post=2549"}],"version-history":[{"count":32,"href":"https:\/\/promostoneindustry.ma\/en\/wp-json\/wp\/v2\/pages\/2549\/revisions"}],"predecessor-version":[{"id":10882,"href":"https:\/\/promostoneindustry.ma\/en\/wp-json\/wp\/v2\/pages\/2549\/revisions\/10882"}],"wp:attachment":[{"href":"https:\/\/promostoneindustry.ma\/en\/wp-json\/wp\/v2\/media?parent=2549"}],"curies":[{"name":"wp","href":"https:\/\/api.w.org\/{rel}","templated":true}]}}