{"id":11826,"date":"2025-08-09T11:11:23","date_gmt":"2025-08-09T11:11:23","guid":{"rendered":"https:\/\/promostoneindustry.ma\/?page_id=11826"},"modified":"2026-03-23T10:52:18","modified_gmt":"2026-03-23T10:52:18","slug":"xiamen-stone-fair-chine-%f0%9f%87%a8%f0%9f%87%b3","status":"publish","type":"page","link":"https:\/\/promostoneindustry.ma\/en\/xiamen-stone-fair-chine-%f0%9f%87%a8%f0%9f%87%b3\/","title":{"rendered":"Xiamen Stone Fair \u2013 Chine \ud83c\udde8\ud83c\uddf3"},"content":{"rendered":"\t\t<div data-elementor-type=\"wp-page\" data-elementor-id=\"11826\" class=\"elementor elementor-11826\">\n\t\t\t\t\t\t<section class=\"elementor-section elementor-top-section elementor-element elementor-element-cf75947 elementor-section-content-middle elementor-section-boxed elementor-section-height-default elementor-section-height-default\" data-id=\"cf75947\" data-element_type=\"section\" data-e-type=\"section\">\n\t\t\t\t\t\t<div class=\"elementor-container elementor-column-gap-extended\">\n\t\t\t\t\t<div class=\"elementor-column elementor-col-50 elementor-top-column elementor-element elementor-element-91877a2 ot-flex-column-vertical\" data-id=\"91877a2\" data-element_type=\"column\" data-e-type=\"column\">\n\t\t\t<div class=\"elementor-widget-wrap elementor-element-populated\">\n\t\t\t\t\t\t<div class=\"elementor-element elementor-element-a0991bf elementor-widget elementor-widget-iheading\" data-id=\"a0991bf\" data-element_type=\"widget\" data-e-type=\"widget\" data-widget_type=\"iheading.default\">\n\t\t\t\t<div class=\"elementor-widget-container\">\n\t\t\t\t\t\t\t<div class=\"ot-heading is-dots\">\r\n\t        <span>[ \u00c9v\u00e9nement \/ Salon ]<\/span>\t        <h2 class=\"main-heading\">Promostone Industry au Salon Xiamen Stone Fair 2013 \u2013 Chine \ud83c\udde8\ud83c\uddf3<\/h2>\t    <\/div>\r\n\t    \t\t\t\t<\/div>\n\t\t\t\t<\/div>\n\t\t\t\t<div class=\"elementor-element elementor-element-9a34455 elementor-widget elementor-widget-text-editor\" data-id=\"9a34455\" data-element_type=\"widget\" data-e-type=\"widget\" data-widget_type=\"text-editor.default\">\n\t\t\t\t<div class=\"elementor-widget-container\">\n\t\t\t\t\t\t\t\t\t<p data-start=\"206\" data-end=\"750\"><strong>Promostone Industry <\/strong>a renforc\u00e9 sa visibilit\u00e9 mondiale en participant \u00e0 la<strong> Xiamen Stone Fair 2013<\/strong>, l\u2019un des plus grands salons internationaux d\u00e9di\u00e9s aux pierres naturelles. Cet \u00e9v\u00e9nement a \u00e9t\u00e9 une occasion privil\u00e9gi\u00e9e de pr\u00e9senter notre savoir-faire et la qualit\u00e9 exceptionnelle du marbre marocain \u00e0 un large public professionnel. Notre stand a attir\u00e9 de nombreux visiteurs, parmi lesquels des acteurs cl\u00e9s de l\u2019industrie, renfor\u00e7ant ainsi nos liens commerciaux et notre pr\u00e9sence sur le march\u00e9 asiatique.<\/p>\t\t\t\t\t\t\t\t<\/div>\n\t\t\t\t<\/div>\n\t\t\t\t\t<\/div>\n\t\t<\/div>\n\t\t\t\t<div class=\"elementor-column elementor-col-50 elementor-top-column elementor-element elementor-element-d4cf892 ot-flex-column-vertical\" data-id=\"d4cf892\" data-element_type=\"column\" data-e-type=\"column\">\n\t\t\t<div class=\"elementor-widget-wrap elementor-element-populated\">\n\t\t\t\t\t\t<div class=\"elementor-element elementor-element-1f77334 elementor-widget elementor-widget-image\" data-id=\"1f77334\" data-element_type=\"widget\" data-e-type=\"widget\" data-widget_type=\"image.default\">\n\t\t\t\t<div class=\"elementor-widget-container\">\n\t\t\t\t\t\t\t\t\t\t\t\t\t\t\t<img fetchpriority=\"high\" decoding=\"async\" width=\"623\" height=\"570\" src=\"https:\/\/promostoneindustry.ma\/wp-content\/uploads\/2025\/08\/Xiamen-Stone-Fair-2013.png\" class=\"attachment-full size-full wp-image-11829\" alt=\"entreprise de construction du marbre au maroc\" srcset=\"https:\/\/promostoneindustry.ma\/wp-content\/uploads\/2025\/08\/Xiamen-Stone-Fair-2013.png 623w, https:\/\/promostoneindustry.ma\/wp-content\/uploads\/2025\/08\/Xiamen-Stone-Fair-2013-300x274.png 300w, https:\/\/promostoneindustry.ma\/wp-content\/uploads\/2025\/08\/Xiamen-Stone-Fair-2013-435x398.png 435w\" sizes=\"(max-width: 623px) 100vw, 623px\" \/>\t\t\t\t\t\t\t\t\t\t\t\t\t\t\t<\/div>\n\t\t\t\t<\/div>\n\t\t\t\t\t<\/div>\n\t\t<\/div>\n\t\t\t\t\t<\/div>\n\t\t<\/section>\n\t\t\t\t<section class=\"elementor-section elementor-top-section elementor-element elementor-element-6a36a82 elementor-section-full_width elementor-section-height-default elementor-section-height-default\" data-id=\"6a36a82\" data-element_type=\"section\" data-e-type=\"section\" data-settings=\"{&quot;background_background&quot;:&quot;classic&quot;}\">\n\t\t\t\t\t\t<div class=\"elementor-container elementor-column-gap-default\">\n\t\t\t\t\t<div class=\"elementor-column elementor-col-100 elementor-top-column elementor-element elementor-element-df70ec9 ot-flex-column-vertical\" data-id=\"df70ec9\" data-element_type=\"column\" data-e-type=\"column\">\n\t\t\t<div class=\"elementor-widget-wrap elementor-element-populated\">\n\t\t\t\t\t\t<div class=\"elementor-element elementor-element-c10802e elementor-widget elementor-widget-theratio-image-carousel\" data-id=\"c10802e\" data-element_type=\"widget\" data-e-type=\"widget\" data-widget_type=\"theratio-image-carousel.default\">\n\t\t\t\t<div class=\"elementor-widget-container\">\n\t\t\t\t\t\r\n\t\t<div class=\"image-carousel swiper swiper-container\" data-slider_options=\"{&quot;slides_show_desktop&quot;:6,&quot;slides_show_tablet&quot;:4,&quot;slides_show_mobile&quot;:4,&quot;slides_scroll_desktop&quot;:1,&quot;slides_scroll_tablet&quot;:1,&quot;slides_scroll_mobile&quot;:1,&quot;margin_desktop&quot;:76,&quot;margin_tablet&quot;:90,&quot;margin_mobile&quot;:10,&quot;arrows&quot;:false,&quot;dots&quot;:false}\"  data-item-slider=\"ot_slider_c10802e\">\t\t\t\r\n\t\t\t<div class=\"swiper-wrapper\">\r\n\t\t        <div class=\"swiper-slide\"><div class=\"img-item\"><figure><img decoding=\"async\" src=\"https:\/\/promostoneindustry.ma\/wp-content\/uploads\/2024\/10\/MAROC-1.png?v=1735563258\" alt=\"L&#039;ITALIE\"><\/figure><\/div><\/div><div class=\"swiper-slide\"><div class=\"img-item\"><figure><img decoding=\"async\" src=\"https:\/\/promostoneindustry.ma\/wp-content\/uploads\/2024\/10\/tracom-logo-blanc-pnj.png?v=1735563259\" alt=\"inde\"><\/figure><\/div><\/div><div class=\"swiper-slide\"><div class=\"img-item\"><figure><img decoding=\"async\" src=\"https:\/\/promostoneindustry.ma\/wp-content\/uploads\/2024\/10\/sigia-logo-pnj-blanc-noir.png?v=1735563259\" alt=\"Partner 3\"><\/figure><\/div><\/div><div class=\"swiper-slide\"><div class=\"img-item\"><figure><img decoding=\"async\" src=\"https:\/\/promostoneindustry.ma\/wp-content\/uploads\/2024\/10\/Design-sans-titre-36.webp\" alt=\"Partner 4\"><\/figure><\/div><\/div><div class=\"swiper-slide\"><div class=\"img-item\"><figure><img decoding=\"async\" src=\"https:\/\/promostoneindustry.ma\/wp-content\/uploads\/2024\/11\/MAROC-3.png?v=1735563219\" alt=\"Partner 5\"><\/figure><\/div><\/div><div class=\"swiper-slide\"><div class=\"img-item\"><figure><img decoding=\"async\" src=\"https:\/\/promostoneindustry.ma\/wp-content\/uploads\/2024\/10\/logo-tgcc-pnj.webp\" alt=\"Partner 6\"><\/figure><\/div><\/div><div class=\"swiper-slide\"><div class=\"img-item\"><figure><img decoding=\"async\" src=\"https:\/\/promostoneindustry.ma\/wp-content\/uploads\/2024\/10\/ur.webp\" alt=\"\"><\/figure><\/div><\/div><div class=\"swiper-slide\"><div class=\"img-item\"><figure><img decoding=\"async\" src=\"https:\/\/promostoneindustry.ma\/wp-content\/uploads\/2024\/10\/logo-maroc-telecom.webp\" alt=\"\"><\/figure><\/div><\/div>\t\t    <\/div>\r\n\r\n\t\t\t\t\t\t\t    <\/div>\r\n\t\t\t\t\t\t<\/div>\n\t\t\t\t<\/div>\n\t\t\t\t\t<\/div>\n\t\t<\/div>\n\t\t\t\t\t<\/div>\n\t\t<\/section>\n\t\t\t\t<section class=\"elementor-section elementor-top-section elementor-element elementor-element-5d53b7d1 elementor-section-content-middle elementor-section-boxed elementor-section-height-default elementor-section-height-default\" data-id=\"5d53b7d1\" data-element_type=\"section\" data-e-type=\"section\" data-settings=\"{&quot;background_background&quot;:&quot;classic&quot;}\">\n\t\t\t\t\t\t<div class=\"elementor-container elementor-column-gap-extended\">\n\t\t\t\t\t<div class=\"elementor-column elementor-col-66 elementor-top-column elementor-element elementor-element-2f5fb785 ot-flex-column-vertical\" data-id=\"2f5fb785\" data-element_type=\"column\" data-e-type=\"column\">\n\t\t\t<div class=\"elementor-widget-wrap elementor-element-populated\">\n\t\t\t\t\t\t<div class=\"elementor-element elementor-element-26a969fd elementor-widget elementor-widget-heading\" data-id=\"26a969fd\" data-element_type=\"widget\" data-e-type=\"widget\" data-widget_type=\"heading.default\">\n\t\t\t\t<div class=\"elementor-widget-container\">\n\t\t\t\t\t<h2 class=\"elementor-heading-title elementor-size-default\">Obtenez d\u00e8s maintenant des solutions en marbre de qualit\u00e9 sup\u00e9rieure !\n<\/h2>\t\t\t\t<\/div>\n\t\t\t\t<\/div>\n\t\t\t\t<div class=\"elementor-element elementor-element-6376d9bb elementor-widget elementor-widget-text-editor\" data-id=\"6376d9bb\" data-element_type=\"widget\" data-e-type=\"widget\" data-widget_type=\"text-editor.default\">\n\t\t\t\t<div class=\"elementor-widget-container\">\n\t\t\t\t\t\t\t\t\t<p>\u00c0 chaque \u00e9tape, nous supervisons votre projet\u2014en veillant \u00e0 une s\u00e9lection minutieuse, un contr\u00f4le de qualit\u00e9 rigoureux, et une parfaite coordination avec les \u00e9quipes de construction.<\/p>\t\t\t\t\t\t\t\t<\/div>\n\t\t\t\t<\/div>\n\t\t\t\t\t<\/div>\n\t\t<\/div>\n\t\t\t\t<div class=\"elementor-column elementor-col-33 elementor-top-column elementor-element elementor-element-67882c90 ot-flex-column-vertical\" data-id=\"67882c90\" data-element_type=\"column\" data-e-type=\"column\">\n\t\t\t<div class=\"elementor-widget-wrap elementor-element-populated\">\n\t\t\t\t\t\t<div class=\"elementor-element elementor-element-4ccbca35 elementor-align-right elementor-mobile-align-center elementor-widget elementor-widget-ibutton\" data-id=\"4ccbca35\" data-element_type=\"widget\" data-e-type=\"widget\" data-widget_type=\"ibutton.default\">\n\t\t\t\t<div class=\"elementor-widget-container\">\n\t\t\t\t\t\t\t<div class=\"ot-button\">\r\n\t\t\t<a href=\"https:\/\/promostoneindustry.ma\/contacts\/\" class=\"octf-btn octf-btn-light\">Contactez-nous<\/a>\r\n\t    <\/div>\r\n\t    \t\t\t\t<\/div>\n\t\t\t\t<\/div>\n\t\t\t\t\t<\/div>\n\t\t<\/div>\n\t\t\t\t\t<\/div>\n\t\t<\/section>\n\t\t\t\t<\/div>\n\t\t","protected":false},"excerpt":{"rendered":"<p>[ \u00c9v\u00e9nement \/ Salon ] Promostone Industry au Salon Xiamen Stone Fair 2013 \u2013 Chine \ud83c\udde8\ud83c\uddf3 Promostone Industry a renforc\u00e9 sa visibilit\u00e9 mondiale en participant \u00e0 la Xiamen Stone Fair 2013, l\u2019un des plus grands salons internationaux d\u00e9di\u00e9s aux pierres naturelles. Cet \u00e9v\u00e9nement a \u00e9t\u00e9 une occasion privil\u00e9gi\u00e9e de pr\u00e9senter notre savoir-faire et la qualit\u00e9 [&hellip;]<\/p>\n","protected":false},"author":1,"featured_media":0,"parent":0,"menu_order":0,"comment_status":"closed","ping_status":"closed","template":"","meta":{"om_disable_all_campaigns":false,"_monsterinsights_skip_tracking":false,"_monsterinsights_sitenote_active":false,"_monsterinsights_sitenote_note":"","_monsterinsights_sitenote_category":0,"footnotes":""},"class_list":["post-11826","page","type-page","status-publish","hentry"],"aioseo_notices":[],"jetpack_sharing_enabled":true,"_links":{"self":[{"href":"https:\/\/promostoneindustry.ma\/en\/wp-json\/wp\/v2\/pages\/11826","targetHints":{"allow":["GET"]}}],"collection":[{"href":"https:\/\/promostoneindustry.ma\/en\/wp-json\/wp\/v2\/pages"}],"about":[{"href":"https:\/\/promostoneindustry.ma\/en\/wp-json\/wp\/v2\/types\/page"}],"author":[{"embeddable":true,"href":"https:\/\/promostoneindustry.ma\/en\/wp-json\/wp\/v2\/users\/1"}],"replies":[{"embeddable":true,"href":"https:\/\/promostoneindustry.ma\/en\/wp-json\/wp\/v2\/comments?post=11826"}],"version-history":[{"count":7,"href":"https:\/\/promostoneindustry.ma\/en\/wp-json\/wp\/v2\/pages\/11826\/revisions"}],"predecessor-version":[{"id":11877,"href":"https:\/\/promostoneindustry.ma\/en\/wp-json\/wp\/v2\/pages\/11826\/revisions\/11877"}],"wp:attachment":[{"href":"https:\/\/promostoneindustry.ma\/en\/wp-json\/wp\/v2\/media?parent=11826"}],"curies":[{"name":"wp","href":"https:\/\/api.w.org\/{rel}","templated":true}]}}